{"id":8991,"date":"2017-12-19T14:08:16","date_gmt":"2017-12-19T18:08:16","guid":{"rendered":"\/?page_id=8991"},"modified":"2026-04-21T12:46:23","modified_gmt":"2026-04-21T16:46:23","slug":"special-notice-for-all-seasonal-and-temporary-employees","status":"publish","type":"page","link":"https:\/\/nrtw.org\/es\/special-notice-for-all-seasonal-and-temporary-employees\/","title":{"rendered":"NOTIFICACI\u00d3N ESPECIAL PARA TODOS TRABAJADORES TEMPORALES"},"content":{"rendered":"<p><\/p>\n<p><i>To read this legal notice in English, <a href=\"https:\/\/nrtw.org\/en\/special-notice-for-all-seasonal-and-temporary-employees\/\">click here<\/a>.<\/i><\/p>\n<p>Varias minoristas, compa\u00f1ias de entrega de encomiendas, restaurantes, y otros patronos contratan a trabajadores temporales adicionales para satisfacer las exigencias de servicio aumentadas durante la \u00e9poca navide\u00f1a. Comprendiendo que muchos de estos trabajadores temporales tal vez no sean conscientes de las reglas y leyes sobre cargos sindicales obligatorios y membres\u00eda, funcionarios sindicales frecuentemente se aprovechan de personas incautas y les enga\u00f1an a unirse al sindicato o pagar cuotas sindicales a una uni\u00f3n con la que trabajadores tal vez no quieren a ser afiliado y no son obligado legalmente a afiliarse.<\/p>\n<p>Para ayudar estas trabajadores temporales a entender todos sus derechos legales, la Fundaci\u00f3n Nacional de Defensa Legal para el Derecho al Trabajo ha emitido esta notificaci\u00f3n legal de la \u00e9poca navide\u00f1a annual para proteger contra las injusticias del sindicalismo forzoso.<\/p>\n<p><H3>INFORMACI\u00d3N PARA TRABAJADORES TEMPORALES DE LA \u00c9POCA NAVIDE\u00d1A:<\/H3><\/p>\n<p>Si usted es un trabajdor temporal en cualquier estado si o no tiene protecciones de Derecho al Trabajo, usted no necesariamente tiene que afiliarse a un sindicato o pagar cargos sindicales como una condici\u00f3n de su trabajo temporal. Funcionarios sindicales y algunos patronos tal vez le dicen a usted incorrectamente que sea necesario a afiliarse al sindicato o pagarlo cargos sindicales, pero hay estipulaciones.<\/p>\n<p><b>Fecha l\u00edmite:<\/b>Trabajadores temporales deben a entender antes que nada si usted est\u00e1 trabajando <b>MENOS QUE 30 D\u00cdAS<\/b> en el trabajo, usted no est\u00e1 obligado legalmente a pagar cargos sindicales o afiliarse al sindicato.<\/p>\n<p><b>Cargos Sindicales Obligatorios:<\/b> Puede que algunos funcionarios sindicales, a\u00fan a algunos patronos, le presionan usted al firmar una tarjeta autorizando deducciones de cuotas sindicales, a veces referido como un \u201ccheck off.\u201d Legalmente usted <b>NO TIENE QUE<\/b> firmar esa tarjeta.<\/p>\n<p><b>Membres\u00eda Sindical Forzada:<\/b> Puede que algunos funcionarios sindicales, a\u00fan a algunos patronos, le presionan al firmar documentos que le ingresar\u00eda en un sindicato con el que usted no quiere a afiliar.  Legalmente usted <b>NO TIENE QUE<\/b> firmar esos documentos como una condici\u00f3n de empleo. Membres\u00eda sindical forzada puede atraparle en una situaci\u00f3n en la que usted tiene que pagar cuotas sindicales y cargos mucho despu\u00e9s de que usted haya terminado su empleo temporal.<\/p>\n<p>Si usted ya ha firmado documentos forz\u00e1ndole a afiliarse al sindicato y pagar cuotas sindicales y cree que puede ser sus derechos tal vez han sido violado, por favor llame al equipo legal de la Fundaci\u00f3n en 1-800-336-3600, nos envia un correo el\u00e9ctronico al <a href=\"mailto:legal@nrtw.org\">legal@nrtw.org<\/a>, o vaya al <a href=\"https:\/\/nrtw.org\/es\/free-legal-aid\/\">https:\/\/nrtw.org\/es\/free-legal-aid\/<\/a>.<\/p>\n<p>Recuerde estas tres puntos importantes antes de que usted firme alguna oja sobre el sindicato:<\/p>\n<ol>\n<li>\n<p>A menos que usted quiera a afiliarse al sindicato voluntariamente, <b>NO FIRME<\/b> cualquier tarjeta o otro documento diciendo que usted quiera a afiliarse al sindicato, los cuales pueden atraparle en una situaci\u00f3n en la que usted tiene que mantener su membres\u00eda a\u00fan despu\u00e9s de que su trabajo temporal haya terminado.<\/p>\n<\/li>\n<li>\n<p>A menos que usted quiera a pagar cuotas sindicales voluntariamente, <b>NO FIRME<\/b> cualquier tarjeta o otro documento autorizando la deducci\u00f3n de cuotas o \u201ccheck off\u201d los cuales permitir\u00edan funcionarios sindicales a sacar autom\u00e1ticamente dinero de su cheque ganado con esfuerzo.<\/p>\n<\/li>\n<li>\n<p>Si usted est\u00e1 presionado por, preocupado por, o tiene algunas preguntas con relaci\u00f3n a informaci\u00f3n que su patrono o \u201crepresentante\u201d sindical ha le dado sobre membres\u00eda en el sindicato o cuotas o cargos contacte a la Fundaci\u00f3n Nacional de Defensa Legal para el Derecho al Trabajo inmediatamente para ayuda jur\u00eddica gratuita. NO FIRME CUALQUIER DOCUMENTOS DE UN FUNCIONARIO SINDICAL hasta un abogado proporcionado por la Fundaci\u00f3n haya repasado completamente su situaci\u00f3n y d\u00e1dole ayuda jur\u00eddica. Usted puede llamar 1-800-336-3600 o enviar un correo el\u00e9ctronico al equipo legal de la Fundaci\u00f3n a <a href=\"mailto:legal@nrtw.org\">legal@nrtw.org<\/a> o contactarnos por nuestro sitio Web a <a href=\"https:\/\/nrtw.org\/es\/free-legal-aid\/\">https:\/\/nrtw.org\/es\/free-legal-aid\/<\/a><\/p>\n<\/li>\n<\/ol>\n<p><\/p>","protected":false},"excerpt":{"rendered":"<p>To read this legal notice in English, click here. Varias minoristas, compa\u00f1ias de entrega de encomiendas, restaurantes, y otros patronos contratan a trabajadores temporales adicionales para satisfacer las exigencias de servicio aumentadas durante la \u00e9poca navide\u00f1a. Comprendiendo que muchos de estos trabajadores temporales tal vez no sean conscientes de las reglas y leyes sobre cargos [&hellip;]<\/p>\n","protected":false},"author":6,"featured_media":0,"parent":0,"menu_order":0,"comment_status":"closed","ping_status":"closed","template":"","meta":{"_lmt_disableupdate":"no","_lmt_disable":"","footnotes":""},"class_list":["post-8991","page","type-page","status-publish","hentry"],"yoast_head":"<!-- This site is optimized with the Yoast SEO plugin v27.5 - https:\/\/yoast.com\/product\/yoast-seo-wordpress\/ -->\n<title>SPECIAL NOTICE FOR ALL SEASONAL AND TEMPORARY EMPLOYEES - National Right to Work Foundation<\/title>\n<meta name=\"description\" content=\"Retailers, package delivery companies, restaurants, and other companies often hire temporary workers during the Holiday Season. Knowing that many of these workers may be unaware of their right not to join a union, union officials often deceive temporary workers into believing they must join or pay dues to the union to keep their jobs.\" \/>\n<meta name=\"robots\" content=\"index, follow, max-snippet:-1, max-image-preview:large, max-video-preview:-1\" \/>\n<link rel=\"canonical\" href=\"https:\/\/nrtw.org\/special-notice-for-all-seasonal-and-temporary-employees\/\" \/>\n<meta property=\"og:locale\" content=\"es_ES\" \/>\n<meta property=\"og:type\" content=\"article\" \/>\n<meta property=\"og:title\" content=\"SPECIAL NOTICE FOR ALL SEASONAL AND TEMPORARY EMPLOYEES - National Right to Work Foundation\" \/>\n<meta property=\"og:description\" content=\"Retailers, package delivery companies, restaurants, and other companies often hire temporary workers during the Holiday Season. Knowing that many of these workers may be unaware of their right not to join a union, union officials often deceive temporary workers into believing they must join or pay dues to the union to keep their jobs.\" \/>\n<meta property=\"og:url\" content=\"https:\/\/nrtw.org\/special-notice-for-all-seasonal-and-temporary-employees\/\" \/>\n<meta property=\"og:site_name\" content=\"National Right to Work Foundation\" \/>\n<meta property=\"article:modified_time\" content=\"2026-04-21T16:46:23+00:00\" \/>\n<meta name=\"twitter:card\" content=\"summary_large_image\" \/>\n<meta name=\"twitter:label1\" content=\"Tiempo de lectura\" \/>\n\t<meta name=\"twitter:data1\" content=\"5 minutos\" \/>\n<script type=\"application\/ld+json\" class=\"yoast-schema-graph\">{\"@context\":\"https:\\\/\\\/schema.org\",\"@graph\":[{\"@type\":\"WebPage\",\"@id\":\"https:\\\/\\\/nrtw.org\\\/special-notice-for-all-seasonal-and-temporary-employees\\\/\",\"url\":\"https:\\\/\\\/nrtw.org\\\/special-notice-for-all-seasonal-and-temporary-employees\\\/\",\"name\":\"SPECIAL NOTICE FOR ALL SEASONAL AND TEMPORARY EMPLOYEES - National Right to Work Foundation\",\"isPartOf\":{\"@id\":\"https:\\\/\\\/nrtw.org\\\/#website\"},\"datePublished\":\"2017-12-19T18:08:16+00:00\",\"dateModified\":\"2026-04-21T16:46:23+00:00\",\"description\":\"Retailers, package delivery companies, restaurants, and other companies often hire temporary workers during the Holiday Season. Knowing that many of these workers may be unaware of their right not to join a union, union officials often deceive temporary workers into believing they must join or pay dues to the union to keep their jobs.\",\"inLanguage\":\"es\",\"potentialAction\":[{\"@type\":\"ReadAction\",\"target\":[\"https:\\\/\\\/nrtw.org\\\/special-notice-for-all-seasonal-and-temporary-employees\\\/\"]}]},{\"@type\":\"WebSite\",\"@id\":\"https:\\\/\\\/nrtw.org\\\/#website\",\"url\":\"https:\\\/\\\/nrtw.org\\\/\",\"name\":\"National Right to Work Foundation\",\"description\":\"\",\"potentialAction\":[{\"@type\":\"SearchAction\",\"target\":{\"@type\":\"EntryPoint\",\"urlTemplate\":\"https:\\\/\\\/nrtw.org\\\/?s={search_term_string}\"},\"query-input\":{\"@type\":\"PropertyValueSpecification\",\"valueRequired\":true,\"valueName\":\"search_term_string\"}}],\"inLanguage\":\"es\"}]}<\/script>\n<!-- \/ Yoast SEO plugin. -->","yoast_head_json":{"title":"SPECIAL NOTICE FOR ALL SEASONAL AND TEMPORARY EMPLOYEES - National Right to Work Foundation","description":"Retailers, package delivery companies, restaurants, and other companies often hire temporary workers during the Holiday Season. Knowing that many of these workers may be unaware of their right not to join a union, union officials often deceive temporary workers into believing they must join or pay dues to the union to keep their jobs.","robots":{"index":"index","follow":"follow","max-snippet":"max-snippet:-1","max-image-preview":"max-image-preview:large","max-video-preview":"max-video-preview:-1"},"canonical":"https:\/\/nrtw.org\/special-notice-for-all-seasonal-and-temporary-employees\/","og_locale":"es_ES","og_type":"article","og_title":"SPECIAL NOTICE FOR ALL SEASONAL AND TEMPORARY EMPLOYEES - National Right to Work Foundation","og_description":"Retailers, package delivery companies, restaurants, and other companies often hire temporary workers during the Holiday Season. Knowing that many of these workers may be unaware of their right not to join a union, union officials often deceive temporary workers into believing they must join or pay dues to the union to keep their jobs.","og_url":"https:\/\/nrtw.org\/special-notice-for-all-seasonal-and-temporary-employees\/","og_site_name":"National Right to Work Foundation","article_modified_time":"2026-04-21T16:46:23+00:00","twitter_card":"summary_large_image","twitter_misc":{"Tiempo de lectura":"5 minutos"},"schema":{"@context":"https:\/\/schema.org","@graph":[{"@type":"WebPage","@id":"https:\/\/nrtw.org\/special-notice-for-all-seasonal-and-temporary-employees\/","url":"https:\/\/nrtw.org\/special-notice-for-all-seasonal-and-temporary-employees\/","name":"SPECIAL NOTICE FOR ALL SEASONAL AND TEMPORARY EMPLOYEES - National Right to Work Foundation","isPartOf":{"@id":"https:\/\/nrtw.org\/#website"},"datePublished":"2017-12-19T18:08:16+00:00","dateModified":"2026-04-21T16:46:23+00:00","description":"Retailers, package delivery companies, restaurants, and other companies often hire temporary workers during the Holiday Season. Knowing that many of these workers may be unaware of their right not to join a union, union officials often deceive temporary workers into believing they must join or pay dues to the union to keep their jobs.","inLanguage":"es","potentialAction":[{"@type":"ReadAction","target":["https:\/\/nrtw.org\/special-notice-for-all-seasonal-and-temporary-employees\/"]}]},{"@type":"WebSite","@id":"https:\/\/nrtw.org\/#website","url":"https:\/\/nrtw.org\/","name":"National Right to Work Foundation","description":"","potentialAction":[{"@type":"SearchAction","target":{"@type":"EntryPoint","urlTemplate":"https:\/\/nrtw.org\/?s={search_term_string}"},"query-input":{"@type":"PropertyValueSpecification","valueRequired":true,"valueName":"search_term_string"}}],"inLanguage":"es"}]}},"_links":{"self":[{"href":"https:\/\/nrtw.org\/es\/wp-json\/wp\/v2\/pages\/8991","targetHints":{"allow":["GET"]}}],"collection":[{"href":"https:\/\/nrtw.org\/es\/wp-json\/wp\/v2\/pages"}],"about":[{"href":"https:\/\/nrtw.org\/es\/wp-json\/wp\/v2\/types\/page"}],"author":[{"embeddable":true,"href":"https:\/\/nrtw.org\/es\/wp-json\/wp\/v2\/users\/6"}],"replies":[{"embeddable":true,"href":"https:\/\/nrtw.org\/es\/wp-json\/wp\/v2\/comments?post=8991"}],"version-history":[{"count":9,"href":"https:\/\/nrtw.org\/es\/wp-json\/wp\/v2\/pages\/8991\/revisions"}],"predecessor-version":[{"id":19349,"href":"https:\/\/nrtw.org\/es\/wp-json\/wp\/v2\/pages\/8991\/revisions\/19349"}],"wp:attachment":[{"href":"https:\/\/nrtw.org\/es\/wp-json\/wp\/v2\/media?parent=8991"}],"curies":[{"name":"wp","href":"https:\/\/api.w.org\/{rel}","templated":true}]}}