{"id":51,"date":"2015-04-21T08:10:38","date_gmt":"2015-04-21T08:10:38","guid":{"rendered":"\/?page_id=51"},"modified":"2025-09-15T08:46:34","modified_gmt":"2025-09-15T12:46:34","slug":"about","status":"publish","type":"page","link":"https:\/\/nrtw.org\/es\/about\/","title":{"rendered":"Acerca de la Fundaci\u00f3n"},"content":{"rendered":"<p><a href=\"https:\/\/nrtw.org\/en\/about\/\">[In English]<\/a><\/p>\n<p>La Fundaci\u00f3n Nacional de Defensa Legal para el Derecho al Trabajo se estableci\u00f3 en 1968 y es una organizaci\u00f3n ben\u00e9fica sin fines de lucro, que provee ayuda jur\u00eddica gratuita a los empleados a quienes se les han violado sus derechos civiles o humanos a causa de abusos del sindicalismo forzoso.<\/p>\n<p>Para enterarse m\u00e1s acerca de las actividades y la misi\u00f3n de la Fundaci\u00f3n, haga clic en los siguientes enlaces:<\/p>\n<ul>\n<li><a href=\"\/es\/foundation-frequently-asked-questions\">Preguntas frecuentes para la Fundaci\u00f3n<\/a><\/li>\n<li><a href=\"\/es\/right-to-work-frequently-asked-questions\">Preguntas frecuentes acerca del derecho al trabajo<\/a><\/li>\n<li><a href=\"\/es\/free-legal-aid\/\">Solicite ayuda jur\u00eddica gratuita <\/a><\/li>\n<li><a title=\"Perfil de Empleados\" href=\"\/es\/profiles\/vielma\">Perfil de Empleados: Juan Vielma<\/a><\/li>\n<\/ul>\n<p><\/p>","protected":false},"excerpt":{"rendered":"<p>[In English] La Fundaci\u00f3n Nacional de Defensa Legal para el Derecho al Trabajo se estableci\u00f3 en 1968 y es una organizaci\u00f3n ben\u00e9fica sin fines de lucro, que provee ayuda jur\u00eddica gratuita a los empleados a quienes se les han violado sus derechos civiles o humanos a causa de abusos del sindicalismo forzoso. Para enterarse m\u00e1s [&hellip;]<\/p>\n","protected":false},"author":2,"featured_media":16569,"parent":0,"menu_order":0,"comment_status":"closed","ping_status":"open","template":"","meta":{"_lmt_disableupdate":"","_lmt_disable":"","footnotes":""},"class_list":["post-51","page","type-page","status-publish","has-post-thumbnail","hentry"],"yoast_head":"<!-- This site is optimized with the Yoast SEO plugin v27.5 - https:\/\/yoast.com\/product\/yoast-seo-wordpress\/ -->\n<title>About the National Right to Work Legal Defense Foundation<\/title>\n<meta name=\"description\" content=\"The National Right to Work Legal Defense Foundation, established in 1968, is a nonprofit, charitable organization.\" \/>\n<meta name=\"robots\" content=\"index, follow, max-snippet:-1, max-image-preview:large, max-video-preview:-1\" \/>\n<link rel=\"canonical\" href=\"https:\/\/nrtw.org\/about\/\" \/>\n<meta property=\"og:locale\" content=\"es_ES\" \/>\n<meta property=\"og:type\" content=\"article\" \/>\n<meta property=\"og:title\" content=\"National Right to Work\" \/>\n<meta property=\"og:description\" content=\"The National Right to Work Legal Defense Foundation, established in 1968, is a nonprofit, charitable organization.\" \/>\n<meta property=\"og:url\" content=\"https:\/\/nrtw.org\/about\/\" \/>\n<meta property=\"og:site_name\" content=\"National Right to Work Foundation\" \/>\n<meta property=\"article:modified_time\" content=\"2025-09-15T12:46:34+00:00\" \/>\n<meta property=\"og:image\" content=\"https:\/\/nrtw.org\/wp-content\/uploads\/2019\/01\/grid1920x1080-1-1024x576.png\" \/>\n\t<meta property=\"og:image:width\" content=\"1024\" \/>\n\t<meta property=\"og:image:height\" content=\"576\" \/>\n\t<meta property=\"og:image:type\" content=\"image\/png\" \/>\n<meta name=\"twitter:card\" content=\"summary_large_image\" \/>\n<meta name=\"twitter:title\" content=\"National Right to Work\" \/>\n<meta name=\"twitter:image\" content=\"https:\/\/nrtw.org\/wp-content\/uploads\/2019\/01\/grid1920x1080-1.png\" \/>\n<meta name=\"twitter:label1\" content=\"Tiempo de lectura\" \/>\n\t<meta name=\"twitter:data1\" content=\"1 minuto\" \/>\n<script type=\"application\/ld+json\" class=\"yoast-schema-graph\">{\"@context\":\"https:\\\/\\\/schema.org\",\"@graph\":[{\"@type\":\"WebPage\",\"@id\":\"https:\\\/\\\/nrtw.org\\\/about\\\/\",\"url\":\"https:\\\/\\\/nrtw.org\\\/about\\\/\",\"name\":\"About the National Right to Work Legal Defense Foundation\",\"isPartOf\":{\"@id\":\"https:\\\/\\\/nrtw.org\\\/#website\"},\"primaryImageOfPage\":{\"@id\":\"https:\\\/\\\/nrtw.org\\\/about\\\/#primaryimage\"},\"image\":{\"@id\":\"https:\\\/\\\/nrtw.org\\\/about\\\/#primaryimage\"},\"thumbnailUrl\":\"https:\\\/\\\/nrtw.org\\\/wp-content\\\/uploads\\\/2023\\\/11\\\/qtq80-2yOFFc.jpeg\",\"datePublished\":\"2015-04-21T08:10:38+00:00\",\"dateModified\":\"2025-09-15T12:46:34+00:00\",\"description\":\"The National Right to Work Legal Defense Foundation, established in 1968, is a nonprofit, charitable organization.\",\"inLanguage\":\"es\",\"potentialAction\":[{\"@type\":\"ReadAction\",\"target\":[\"https:\\\/\\\/nrtw.org\\\/about\\\/\"]}]},{\"@type\":\"ImageObject\",\"inLanguage\":\"es\",\"@id\":\"https:\\\/\\\/nrtw.org\\\/about\\\/#primaryimage\",\"url\":\"https:\\\/\\\/nrtw.org\\\/wp-content\\\/uploads\\\/2023\\\/11\\\/qtq80-2yOFFc.jpeg\",\"contentUrl\":\"https:\\\/\\\/nrtw.org\\\/wp-content\\\/uploads\\\/2023\\\/11\\\/qtq80-2yOFFc.jpeg\",\"width\":2164,\"height\":1440,\"caption\":\"National Right to Work Legal Defense Foundation\"},{\"@type\":\"WebSite\",\"@id\":\"https:\\\/\\\/nrtw.org\\\/#website\",\"url\":\"https:\\\/\\\/nrtw.org\\\/\",\"name\":\"National Right to Work Foundation\",\"description\":\"\",\"potentialAction\":[{\"@type\":\"SearchAction\",\"target\":{\"@type\":\"EntryPoint\",\"urlTemplate\":\"https:\\\/\\\/nrtw.org\\\/?s={search_term_string}\"},\"query-input\":{\"@type\":\"PropertyValueSpecification\",\"valueRequired\":true,\"valueName\":\"search_term_string\"}}],\"inLanguage\":\"es\"}]}<\/script>\n<!-- \/ Yoast SEO plugin. -->","yoast_head_json":{"title":"About the National Right to Work Legal Defense Foundation","description":"The National Right to Work Legal Defense Foundation, established in 1968, is a nonprofit, charitable organization.","robots":{"index":"index","follow":"follow","max-snippet":"max-snippet:-1","max-image-preview":"max-image-preview:large","max-video-preview":"max-video-preview:-1"},"canonical":"https:\/\/nrtw.org\/about\/","og_locale":"es_ES","og_type":"article","og_title":"National Right to Work","og_description":"The National Right to Work Legal Defense Foundation, established in 1968, is a nonprofit, charitable organization.","og_url":"https:\/\/nrtw.org\/about\/","og_site_name":"National Right to Work Foundation","article_modified_time":"2025-09-15T12:46:34+00:00","og_image":[{"width":1024,"height":576,"url":"https:\/\/nrtw.org\/wp-content\/uploads\/2019\/01\/grid1920x1080-1-1024x576.png","type":"image\/png"}],"twitter_card":"summary_large_image","twitter_title":"National Right to Work","twitter_image":"https:\/\/nrtw.org\/wp-content\/uploads\/2019\/01\/grid1920x1080-1.png","twitter_misc":{"Tiempo de lectura":"1 minuto"},"schema":{"@context":"https:\/\/schema.org","@graph":[{"@type":"WebPage","@id":"https:\/\/nrtw.org\/about\/","url":"https:\/\/nrtw.org\/about\/","name":"About the National Right to Work Legal Defense Foundation","isPartOf":{"@id":"https:\/\/nrtw.org\/#website"},"primaryImageOfPage":{"@id":"https:\/\/nrtw.org\/about\/#primaryimage"},"image":{"@id":"https:\/\/nrtw.org\/about\/#primaryimage"},"thumbnailUrl":"https:\/\/nrtw.org\/wp-content\/uploads\/2023\/11\/qtq80-2yOFFc.jpeg","datePublished":"2015-04-21T08:10:38+00:00","dateModified":"2025-09-15T12:46:34+00:00","description":"The National Right to Work Legal Defense Foundation, established in 1968, is a nonprofit, charitable organization.","inLanguage":"es","potentialAction":[{"@type":"ReadAction","target":["https:\/\/nrtw.org\/about\/"]}]},{"@type":"ImageObject","inLanguage":"es","@id":"https:\/\/nrtw.org\/about\/#primaryimage","url":"https:\/\/nrtw.org\/wp-content\/uploads\/2023\/11\/qtq80-2yOFFc.jpeg","contentUrl":"https:\/\/nrtw.org\/wp-content\/uploads\/2023\/11\/qtq80-2yOFFc.jpeg","width":2164,"height":1440,"caption":"National Right to Work Legal Defense Foundation"},{"@type":"WebSite","@id":"https:\/\/nrtw.org\/#website","url":"https:\/\/nrtw.org\/","name":"National Right to Work Foundation","description":"","potentialAction":[{"@type":"SearchAction","target":{"@type":"EntryPoint","urlTemplate":"https:\/\/nrtw.org\/?s={search_term_string}"},"query-input":{"@type":"PropertyValueSpecification","valueRequired":true,"valueName":"search_term_string"}}],"inLanguage":"es"}]}},"_links":{"self":[{"href":"https:\/\/nrtw.org\/es\/wp-json\/wp\/v2\/pages\/51","targetHints":{"allow":["GET"]}}],"collection":[{"href":"https:\/\/nrtw.org\/es\/wp-json\/wp\/v2\/pages"}],"about":[{"href":"https:\/\/nrtw.org\/es\/wp-json\/wp\/v2\/types\/page"}],"author":[{"embeddable":true,"href":"https:\/\/nrtw.org\/es\/wp-json\/wp\/v2\/users\/2"}],"replies":[{"embeddable":true,"href":"https:\/\/nrtw.org\/es\/wp-json\/wp\/v2\/comments?post=51"}],"version-history":[{"count":32,"href":"https:\/\/nrtw.org\/es\/wp-json\/wp\/v2\/pages\/51\/revisions"}],"predecessor-version":[{"id":14416,"href":"https:\/\/nrtw.org\/es\/wp-json\/wp\/v2\/pages\/51\/revisions\/14416"}],"wp:featuredmedia":[{"embeddable":true,"href":"https:\/\/nrtw.org\/es\/wp-json\/wp\/v2\/media\/16569"}],"wp:attachment":[{"href":"https:\/\/nrtw.org\/es\/wp-json\/wp\/v2\/media?parent=51"}],"curies":[{"name":"wp","href":"https:\/\/api.w.org\/{rel}","templated":true}]}}