{"id":2042,"date":"2009-04-14T10:10:35","date_gmt":"2009-04-14T10:10:35","guid":{"rendered":""},"modified":"2016-06-22T20:12:35","modified_gmt":"2016-06-22T20:12:35","slug":"conozca-sus-derechos","status":"publish","type":"page","link":"https:\/\/nrtw.org\/es\/conozca-sus-derechos\/","title":{"rendered":"Conozca Sus Derechos"},"content":{"rendered":"<p><\/p>\n<div class=\"contentgroup\">\n<h2>Informaci\u00f3n para empleados<\/h2>\n<p>\n<img loading=\"lazy\" decoding=\"async\" src=\"\/i\/gavel.png\" align=\"right\" height=\"88\" width=\"120\" \/>La Fundaci\u00f3n Nacional de Defensa Legal para el Derecho al Trabajo es una organizaci\u00f3n sin fines de lucro que provee de ayuda jur\u00eddica gratuita a miles de empleados por todo el pa\u00eds que han sufrido una violaci\u00f3n de sus derechos civiles y humanos a causa de abusos del sindicalismo forzoso.\n<\/p>\n<h3>Acerca de sus derechos legales<\/h3>\n<h4><a href=\"\/es\/sus-derechos-de-derecho-al-trabajo-en-tres-minutos\">Sus derechos de Derecho al Trabajo &#8211; En tres minutos<\/a><\/h4>\n<p>\nSabemos que est\u00e1 ocupado. Si no tiene tiempo en este momento para leer toda la informaci\u00f3n jur\u00eddica en este sitio Web, <a href=\"\/es\/sus-derechos-de-derecho-al-trabajo-en-tres-minutos\">aqu\u00ed<\/a> est\u00e1n los puntos sobresalientes. Sin embargo, si su trabajo est\u00e1 en peligro, aseg\u00farese de tomar el tiempo para leer los detalles completos acerca de su problema en nuestro sitio Web &#8211; o<a href=\"\/es\/free-legal-aid\"> \u00a1comun\u00edquese con nosotros<\/a> para recibir ayuda jur\u00eddica!\n<\/p>\n<p>\n<b>Para informarse m\u00e1s acerca de sus derechos legales, escoja la categor\u00eda de empleo a la cual pertenece:<\/b>\n<\/p>\n<ul>\n<li><a href=\"\/es\/about-your-legal-rights-federal-government-employee\" title=\"Haga clic aqu\u00ed si es un empleado del gobierno federal\">Empleado del gobierno federal<\/a><\/li>\n<li><a href=\"\/es\/about-your-legal-rights-private-sector-employee\" title=\"Haga clic aqu\u00ed si es un empleado del sector privado o maestro o profesor en una escuela privada\">Empleado en el sector privado<\/a><\/li>\n<li><a href=\"\/es\/about-your-legal-rights-public-school-teacher-or-college-professor\" title=\"Haga clic aqu\u00ed si es maestro en una escuela p\u00fablica (no privada) o profesor de una universidad\">Maestro en escuela p\u00fablica o profesor universitario<\/a><\/li>\n<li><a href=\"\/es\/about-your-legal-rights-railway-or-airline-employee\" title=\"\"Haga clic aqu\u00ed si es un empleado de las aerol\u00edneas o de los ferrocarriles\">Empleado de aerol\u00edneas o ferrocarriles<\/a><\/li>\n<li><a href=\"\/es\/about-your-legal-rights-state-or-local-government-employee\" title=\"Haga clic aqu\u00ed si es un empleado del gobierno local o estatal (excepto si es profesor\/maestro en una escuela p\u00fablica)\">Empleado del gobierno local o estatal<\/a><\/li>\n<\/ul>\n<p>\n<span style=\"font-size: x-small\"><a href=\"\/es\/t-rminos-de-uso-para-el-sitio-web\"><br \/>\nATENCI\u00d3N<\/a>: La intenci\u00f3n de este sitio Web es suministrar informaci\u00f3n general y no pretende ofrecer asesor\u00eda jur\u00eddica acerca de situaciones o problemas espec\u00edficos. No hay ninguna intenci\u00f3n de crear una relaci\u00f3n de cliente-abogado al brindar esta informaci\u00f3n, y el hecho de que alguien examine esta informaci\u00f3n no crea este tipo de relaci\u00f3n. Deber\u00eda comunicarse con nosotros si tiene una cuesti\u00f3n legal que requiere atenci\u00f3n y usted cree que se encuentra dentro del \u00e1mbito de nuestro programa ben\u00e9fico de ayuda jur\u00eddica. Nada en este sitio crea un contrato impl\u00edcito o explicito. M\u00e1s a\u00fan, los resultados de los casos dependen de una variedad de hechos particulares a cada cuesti\u00f3n. Los \u00e9xitos anteriores de los casos apoyados por la Fundaci\u00f3n no predicen o garantizan \u00e9xito en un futuro.<\/span>\n<\/div>\n<div class=\"contentgroup\">\n<h3>Informe resumido y documentos de antecedentes <\/h3>\n<ul class=\"logobullet\">\n<li><a href=\"\/es\/deauthorization-election\">Elecci\u00f3n de Desautorizaci\u00f3n<\/a><\/li>\n<li><a href=\"\/es\/decertification-election\">Elecci\u00f3n de Decertificaci\u00f3n<\/a><\/li>\n<li><a href=\"\/es\/decertification-under-the-railway-labor-act\">La Decertificaci\u00f3n seg\u00fan La Ley de Trabajo en Ferrocarriles <\/a><\/li>\n<li><a href=\"\/es\/union-discipline-and-employee-rights-0\"> \u00bfPueden castigarlo los dirigentes sindicales? &#8211; La disciplina sindical y los derechos del empleado<\/a><\/li>\n<li><a href=\"\/es\/an-employee-s-guide-to-union-dues-and-religious-do-nots\">Gu\u00eda para empleados sobre cuotas sindicales y lo que no se debe hacer en cuanto a las creencias religiosas<\/a><\/li>\n<li><a href=\"\/es\/big-labor-s-top-ten-special-privileges-0\">Los diez privilegios principales de los sindicatos m\u00e1s grandes (Big Labor en ingl\u00e9s)<\/a><\/li>\n<li><a href=\"\/es\/employees-in-right-to-work-states-1\">Empleados en estados con Derecho al Trabajo<\/a><\/li>\n<p><\/p>","protected":false},"excerpt":{"rendered":"<div class=\"contentgroup\">\n<h2>Informaci\u00f3n para empleados<\/h2>\n<p>\n<img loading=\"lazy\" decoding=\"async\" src=\"\/i\/gavel.png\" align=\"right\" height=\"88\" width=\"120\" \/>La Fundaci\u00f3n Nacional de Defensa Legal para el Derecho al Trabajo es una organizaci\u00f3n sin fines de lucro que provee de ayuda jur\u00eddica gratuita a miles de empleados por todo el pa\u00eds que han sufrido una violaci\u00f3n de sus derechos civiles y humanos a causa de abusos del sindicalismo forzoso.<\/p>\n","protected":false},"author":2,"featured_media":0,"parent":0,"menu_order":0,"comment_status":"open","ping_status":"open","template":"","meta":{"_lmt_disableupdate":"","_lmt_disable":"","footnotes":""},"class_list":["post-2042","page","type-page","status-publish","hentry"],"yoast_head":"<!-- This site is optimized with the Yoast SEO plugin v27.5 - https:\/\/yoast.com\/product\/yoast-seo-wordpress\/ -->\n<title>Know Your Rights Conozca Sus Derechos - National Right to Work Foundation<\/title>\n<meta name=\"robots\" content=\"index, follow, max-snippet:-1, max-image-preview:large, max-video-preview:-1\" \/>\n<link rel=\"canonical\" href=\"https:\/\/nrtw.org\/es\/conozca-sus-derechos\/\" \/>\n<meta property=\"og:locale\" content=\"es_ES\" \/>\n<meta property=\"og:type\" content=\"article\" \/>\n<meta property=\"og:title\" content=\"Know Your Rights Conozca Sus Derechos - National Right to Work Foundation\" \/>\n<meta property=\"og:description\" content=\"Informaci\u00f3n para empleados  La Fundaci\u00f3n Nacional de Defensa Legal para el Derecho al Trabajo es una organizaci\u00f3n sin fines de lucro que provee de ayuda jur\u00eddica gratuita a miles de empleados por todo el pa\u00eds que han sufrido una violaci\u00f3n de sus derechos civiles y humanos a causa de abusos del sindicalismo forzoso.  Informaci\u00f3n para empleados  La Fundaci\u00f3n Nacional de Defensa Legal para el Derecho al Trabajo es una organizaci\u00f3n sin fines de lucro que provee de ayuda jur\u00eddica gratuita a miles de empleados por todo el pa\u00eds que han sufrido una violaci\u00f3n de sus derechos civiles y humanos a causa de abusos del sindicalismo forzoso.\" \/>\n<meta property=\"og:url\" content=\"https:\/\/nrtw.org\/es\/conozca-sus-derechos\/\" \/>\n<meta property=\"og:site_name\" content=\"National Right to Work Foundation\" \/>\n<meta property=\"article:modified_time\" content=\"2016-06-22T20:12:35+00:00\" \/>\n<meta name=\"twitter:card\" content=\"summary_large_image\" \/>\n<meta name=\"twitter:label1\" content=\"Tiempo de lectura\" \/>\n\t<meta name=\"twitter:data1\" content=\"4 minutos\" \/>\n<script type=\"application\/ld+json\" class=\"yoast-schema-graph\">{\"@context\":\"https:\\\/\\\/schema.org\",\"@graph\":[{\"@type\":\"WebPage\",\"@id\":\"https:\\\/\\\/nrtw.org\\\/es\\\/conozca-sus-derechos\\\/\",\"url\":\"https:\\\/\\\/nrtw.org\\\/es\\\/conozca-sus-derechos\\\/\",\"name\":\"Know Your Rights Conozca Sus Derechos - National Right to Work Foundation\",\"isPartOf\":{\"@id\":\"https:\\\/\\\/nrtw.org\\\/#website\"},\"datePublished\":\"2009-04-14T10:10:35+00:00\",\"dateModified\":\"2016-06-22T20:12:35+00:00\",\"inLanguage\":\"es\",\"potentialAction\":[{\"@type\":\"ReadAction\",\"target\":[\"https:\\\/\\\/nrtw.org\\\/es\\\/conozca-sus-derechos\\\/\"]}]},{\"@type\":\"WebSite\",\"@id\":\"https:\\\/\\\/nrtw.org\\\/#website\",\"url\":\"https:\\\/\\\/nrtw.org\\\/\",\"name\":\"National Right to Work Foundation\",\"description\":\"\",\"potentialAction\":[{\"@type\":\"SearchAction\",\"target\":{\"@type\":\"EntryPoint\",\"urlTemplate\":\"https:\\\/\\\/nrtw.org\\\/?s={search_term_string}\"},\"query-input\":{\"@type\":\"PropertyValueSpecification\",\"valueRequired\":true,\"valueName\":\"search_term_string\"}}],\"inLanguage\":\"es\"}]}<\/script>\n<!-- \/ Yoast SEO plugin. -->","yoast_head_json":{"title":"Know Your Rights Conozca Sus Derechos - National Right to Work Foundation","robots":{"index":"index","follow":"follow","max-snippet":"max-snippet:-1","max-image-preview":"max-image-preview:large","max-video-preview":"max-video-preview:-1"},"canonical":"https:\/\/nrtw.org\/es\/conozca-sus-derechos\/","og_locale":"es_ES","og_type":"article","og_title":"Know Your Rights Conozca Sus Derechos - National Right to Work Foundation","og_description":"Informaci\u00f3n para empleados  La Fundaci\u00f3n Nacional de Defensa Legal para el Derecho al Trabajo es una organizaci\u00f3n sin fines de lucro que provee de ayuda jur\u00eddica gratuita a miles de empleados por todo el pa\u00eds que han sufrido una violaci\u00f3n de sus derechos civiles y humanos a causa de abusos del sindicalismo forzoso.  Informaci\u00f3n para empleados  La Fundaci\u00f3n Nacional de Defensa Legal para el Derecho al Trabajo es una organizaci\u00f3n sin fines de lucro que provee de ayuda jur\u00eddica gratuita a miles de empleados por todo el pa\u00eds que han sufrido una violaci\u00f3n de sus derechos civiles y humanos a causa de abusos del sindicalismo forzoso.","og_url":"https:\/\/nrtw.org\/es\/conozca-sus-derechos\/","og_site_name":"National Right to Work Foundation","article_modified_time":"2016-06-22T20:12:35+00:00","twitter_card":"summary_large_image","twitter_misc":{"Tiempo de lectura":"4 minutos"},"schema":{"@context":"https:\/\/schema.org","@graph":[{"@type":"WebPage","@id":"https:\/\/nrtw.org\/es\/conozca-sus-derechos\/","url":"https:\/\/nrtw.org\/es\/conozca-sus-derechos\/","name":"Know Your Rights Conozca Sus Derechos - National Right to Work Foundation","isPartOf":{"@id":"https:\/\/nrtw.org\/#website"},"datePublished":"2009-04-14T10:10:35+00:00","dateModified":"2016-06-22T20:12:35+00:00","inLanguage":"es","potentialAction":[{"@type":"ReadAction","target":["https:\/\/nrtw.org\/es\/conozca-sus-derechos\/"]}]},{"@type":"WebSite","@id":"https:\/\/nrtw.org\/#website","url":"https:\/\/nrtw.org\/","name":"National Right to Work Foundation","description":"","potentialAction":[{"@type":"SearchAction","target":{"@type":"EntryPoint","urlTemplate":"https:\/\/nrtw.org\/?s={search_term_string}"},"query-input":{"@type":"PropertyValueSpecification","valueRequired":true,"valueName":"search_term_string"}}],"inLanguage":"es"}]}},"_links":{"self":[{"href":"https:\/\/nrtw.org\/es\/wp-json\/wp\/v2\/pages\/2042","targetHints":{"allow":["GET"]}}],"collection":[{"href":"https:\/\/nrtw.org\/es\/wp-json\/wp\/v2\/pages"}],"about":[{"href":"https:\/\/nrtw.org\/es\/wp-json\/wp\/v2\/types\/page"}],"author":[{"embeddable":true,"href":"https:\/\/nrtw.org\/es\/wp-json\/wp\/v2\/users\/2"}],"replies":[{"embeddable":true,"href":"https:\/\/nrtw.org\/es\/wp-json\/wp\/v2\/comments?post=2042"}],"version-history":[{"count":15,"href":"https:\/\/nrtw.org\/es\/wp-json\/wp\/v2\/pages\/2042\/revisions"}],"predecessor-version":[{"id":4010,"href":"https:\/\/nrtw.org\/es\/wp-json\/wp\/v2\/pages\/2042\/revisions\/4010"}],"wp:attachment":[{"href":"https:\/\/nrtw.org\/es\/wp-json\/wp\/v2\/media?parent=2042"}],"curies":[{"name":"wp","href":"https:\/\/api.w.org\/{rel}","templated":true}]}}