{"id":2002,"date":"2008-02-08T14:20:28","date_gmt":"2008-02-08T14:20:28","guid":{"rendered":""},"modified":"2023-11-17T15:11:23","modified_gmt":"2023-11-17T20:11:23","slug":"sample-resignation-public","status":"publish","type":"page","link":"https:\/\/nrtw.org\/es\/sample-resignation-public\/","title":{"rendered":"Muestra de una carta de renuncia al sindicato"},"content":{"rendered":"<p><\/p>\n<p>\n<a href=\"\/sample-resignation-public\">[In English]<\/a>\n<\/p>\n<p>A continuaci\u00f3n se encuentra una muestra de una carta de renuncia al sindicato. Deber\u00eda revisar el acta constitutiva y los estatutos de su sindicato para ver si especifican a qui\u00e9n se le debe enviar la carta de renuncia. Env\u00ede el original al sindicato, una copia a su empleador y guarde una copia para sus archivos.<\/p>\n<p>[<U>CARTA AL SINDICATO:<\/U> <BR \/><br \/>\nENV\u00cdE POR CORREO CERTIFICADO, <BR \/><br \/>\nCON ACUSE DE RECIBO]<\/p>\n<p>[su direcci\u00f3n]<\/p>\n<p>[fecha]<\/p>\n<p>[nombre y direcci\u00f3n del sindicato]<br \/>\n[Nombre del funcionario apropiado del sindicato]:<\/p>\n<p>Por medio de la presente renuncio como miembro del [nombre del sindicato.} Mi renuncia es con efecto inmediato. Seguir\u00e9 cumpliendo con mi obligaci\u00f3n legal de pagar una cuota de representaci\u00f3n al sindicato bajo su acuerdo de &quot;seguridad del sindicato&quot; con [nombre del empleador].<\/p>\n<p>M\u00e1s a\u00fan, me opongo al cobro y al gasto de una cuota sindical para cualquier prop\u00f3sito distinto a lo que es mi parte proporcional de los costos del sindicato para la negociaci\u00f3n colectiva, la administraci\u00f3n del contrato y el ajuste de agravios; tal como es mi derecho seg\u00fan <a href=\"http:\/\/caselaw.findlaw.com\/cgi-bin\/getcase.pl?court=US&#038;vol=431&#038;invol=209\"><i>Abood v. Detroit Board of Education<\/i>, 431 U.S. 209 (1977)<\/a>. Conforme a <a href=\"http:\/\/caselaw.findlaw.com\/cgi-bin\/getcase.pl?court=US&#038;vol=475&#038;invol=292\"><i>Chicago Teachers Union v. Hudson,<\/i> 475 U.S. 292 (1986)<\/a>, solicito que se me entreguen mis derechos de procedimiento seg\u00fan la Primera Enmienda, incluyendo: la reducci\u00f3n de mis cuotas a la cantidad que incluya \u00fanicamente los costos imputables constitucionalmente, una notificaci\u00f3n del c\u00e1lculo de esa cantidad, verificada por un contador publico certificado independiente y una notificaci\u00f3n del procedimiento que han adoptado para conservar mis cuotas en una cuenta de reserva que devenga intereses, y darme la oportunidad de cuestionar el c\u00e1lculo y de que lo revise una persona responsable de tomar decisiones imparcial.<BR><\/p>\n<p>[Si paga sus cuotas por medio de un descuento por n\u00f3mina, incluya lo siguiente: Por consiguiente, tambi\u00e9n le notifico que \u00fanicamente deseo autorizar la deducci\u00f3n de cuotas de representaci\u00f3n limitadas a esos costos que pueden ser legalmente imputables seg\u00fan la Primera Enmienda a la Constituci\u00f3n de los Estados Unidos.  Si para hacer ese cambio se me requiere firmar un formulario, por favor proporci\u00f3neme el formulario necesario.]<\/p>\n<p>Le agradecer\u00eda su respuesta cuanto antes. Si se siguen cobrando o gastando cuotas sin las salvaguardas de procedimiento requeridas seg\u00fan la Primera Enmienda a la Constituci\u00f3n de los Estados Unidos, se violar\u00e1n mis derechos civiles bajo la  Ley Federal de Derechos Civiles de 1871, 42 U.S. Code &sect; 1983, y seg\u00fan la Constituci\u00f3n de los Estados Unidos.<\/p>\n<p>Finalmente, por favor considere esta objeci\u00f3n como permanente y continua en naturaleza.<\/p>\n<p>Atentamente, <br \/>\n[nombre]<\/p>\n<p>cc: [nombre del empleador] <\/p>\n<hr \/>\n<p>[<U>CARTA AL EMPLEADOR:<\/U> <BR \/><br \/>\nENV\u00cdE POR CORREO CERTIFICADO, <BR \/><br \/>\nCON ACUSE DE RECIBO]<\/p>\n<p>[su direcci\u00f3n]<br \/>\n[fecha]<\/p>\n<p>[nombre y direcci\u00f3n del departamento responsable del descuento de n\u00f3mina]<\/p>\n<p>[Al empleado apropiado del departamento de administraci\u00f3n de n\u00f3mina]:<\/p>\n<p>Hoy entregu\u00e9 mi formulario de renuncia del [nombre del sindicato]. He incluido una copia de mi carta. Seguir\u00e9 cumpliendo con mi obligaci\u00f3n legal de pagar mi cuota de representaci\u00f3n al sindicato seg\u00fan su acuerdo de &quot;taller sindicalizado&quot; o &quot;taller de agencia&quot; con [nombre del empleador].<BR><\/p>\n<p>M\u00e1s a\u00fan, me opongo al cobro y al gasto de una cuota por parte del sindicato para cualquier prop\u00f3sito distinto a lo que es mi parte proporcional de los costos del sindicato para la negociaci\u00f3n colectiva, la administraci\u00f3n del contrato y el ajuste de agravios; tal como es mi derecho bajo <a href=\"http:\/\/caselaw.findlaw.com\/cgi-bin\/getcase.pl?court=US&#038;vol=466&#038;invol=435\"><I>Ellis v. BRAC<\/i>, 466 U.S. 435 (1984)<\/a>. Conforme a <a href=\"http:\/\/caselaw.findlaw.com\/cgi-bin\/getcase.pl?court=US&#038;vol=475&#038;invol=292\"><i>Chicago Teachers Union v. Hudson,<\/i> 475 U.S. 292 (1986)<\/a>, solicito que se asegure que el sindicato me entregue mis derechos de procedimiento, incluyendo los detallados en mi carta al sindicato. Si no lo hace, solicito que [el nombre del empleador] me los proporcione.<BR><\/p>\n<p>[Si paga sus cuotas por medio de un descuento por n\u00f3mina, incluya lo siguiente: Por consiguiente, tambi\u00e9n le notifico que \u00fanicamente deseo autorizar la deducci\u00f3n de cuotas de representaci\u00f3n limitadas a esos costos que pueden ser legalmente imputables seg\u00fan la Primera Enmienda a la Constituci\u00f3n de los Estados Unidos.  Si para hacer ese cambio se me requiere firmar un formulario, por favor proporci\u00f3neme el formulario necesario.]<\/p>\n<p>Le agradecer\u00eda contestar a mi solicitud sin demora. Si se siguen cobrando o gastando cuotas sin las salvaguardas de procedimiento requeridas por ley se violar\u00e1n mis derechos seg\u00fan la  Ley Federal de Derechos Civiles de 1871, 42 U.S. Code &sect; 1983, o seg\u00fan la Constituci\u00f3n de los Estados Unidos.<\/p>\n<p>Atentamente, <br \/>\n[nombre]<\/p>\n<p>*Los objetores religiosos no deber\u00edan usar esta carta para renunciar a su membres\u00eda de sindicato.<br \/>\n<\/p>","protected":false},"excerpt":{"rendered":"<p>Below is a sample union resignation letter. You should check your union&#8217;s constitution and bylaws to see if it is specific to whom a resignation must be sent. Send the original to the union, send a copy to your employer, and save a copy for your files.<\/p>\n<p>[<U>LETTER TO UNION:<\/U> <BR \/><br \/>\nSEND BY CERTIFIED MAIL, <BR \/><br \/>\nRETURN RECEIPT REQUESTED]<\/p>\n<p>\n[insert your Name]<br \/>\n[insert your Mailing address]\n<\/p>\n<p>\n[Date]\n<\/p>\n<p>\n[insert Name of union]<br \/>\n[insert Address of union]<br \/>\n[insert Name of appropriate union officer]:<\/p>\n","protected":false},"author":2,"featured_media":16569,"parent":0,"menu_order":0,"comment_status":"open","ping_status":"open","template":"","meta":{"_lmt_disableupdate":"","_lmt_disable":"","footnotes":""},"class_list":["post-2002","page","type-page","status-publish","has-post-thumbnail","hentry"],"yoast_head":"<!-- This site is optimized with the Yoast SEO plugin v27.5 - https:\/\/yoast.com\/product\/yoast-seo-wordpress\/ -->\n<title>Muestra de una carta de renuncia al sindicato - National Right to Work Foundation<\/title>\n<meta name=\"robots\" content=\"index, follow, max-snippet:-1, max-image-preview:large, max-video-preview:-1\" \/>\n<link rel=\"canonical\" href=\"https:\/\/nrtw.org\/sample-resignation-public\/\" \/>\n<meta property=\"og:locale\" content=\"es_ES\" \/>\n<meta property=\"og:type\" content=\"article\" \/>\n<meta property=\"og:title\" content=\"Sample Union Resignation Letter\" \/>\n<meta property=\"og:description\" content=\"Below is a sample union resignation letter. You should check your union&#039;s constitution and bylaws to see if it is specific to whom a resignation must be sent. Send the original to the union, send a copy to your employer, and save a copy for your files.  [LETTER TO UNION:  SEND BY CERTIFIED MAIL,  RETURN RECEIPT REQUESTED]   [insert your Name] [insert your Mailing address]   [Date]   [insert Name of union] [insert Address of union] [insert Name of appropriate union officer]:\" \/>\n<meta property=\"og:url\" content=\"https:\/\/nrtw.org\/sample-resignation-public\/\" \/>\n<meta property=\"og:site_name\" content=\"National Right to Work Foundation\" \/>\n<meta property=\"article:modified_time\" content=\"2023-11-17T20:11:23+00:00\" \/>\n<meta property=\"og:image\" content=\"https:\/\/nrtw.org\/wp-content\/uploads\/2023\/11\/qtq80-2yOFFc.jpeg\" \/>\n\t<meta property=\"og:image:width\" content=\"2164\" \/>\n\t<meta property=\"og:image:height\" content=\"1440\" \/>\n\t<meta property=\"og:image:type\" content=\"image\/jpeg\" \/>\n<meta name=\"twitter:card\" content=\"summary_large_image\" \/>\n<meta name=\"twitter:title\" content=\"Sample Union Resignation Letter\" \/>\n<meta name=\"twitter:image\" content=\"https:\/\/nrtw.org\/wp-content\/uploads\/2023\/11\/qtq80-2yOFFc.jpeg\" \/>\n<meta name=\"twitter:label1\" content=\"Tiempo de lectura\" \/>\n\t<meta name=\"twitter:data1\" content=\"4 minutos\" \/>\n<script type=\"application\/ld+json\" class=\"yoast-schema-graph\">{\"@context\":\"https:\\\/\\\/schema.org\",\"@graph\":[{\"@type\":\"WebPage\",\"@id\":\"https:\\\/\\\/nrtw.org\\\/sample-resignation-public\\\/\",\"url\":\"https:\\\/\\\/nrtw.org\\\/sample-resignation-public\\\/\",\"name\":\"[:en]Sample Union Resignation Letter[:es]Muestra de una carta de renuncia al sindicato[:] - National Right to Work Foundation\",\"isPartOf\":{\"@id\":\"https:\\\/\\\/nrtw.org\\\/#website\"},\"primaryImageOfPage\":{\"@id\":\"https:\\\/\\\/nrtw.org\\\/sample-resignation-public\\\/#primaryimage\"},\"image\":{\"@id\":\"https:\\\/\\\/nrtw.org\\\/sample-resignation-public\\\/#primaryimage\"},\"thumbnailUrl\":\"https:\\\/\\\/nrtw.org\\\/wp-content\\\/uploads\\\/2023\\\/11\\\/qtq80-2yOFFc.jpeg\",\"datePublished\":\"2008-02-08T14:20:28+00:00\",\"dateModified\":\"2023-11-17T20:11:23+00:00\",\"inLanguage\":\"es\",\"potentialAction\":[{\"@type\":\"ReadAction\",\"target\":[\"https:\\\/\\\/nrtw.org\\\/sample-resignation-public\\\/\"]}]},{\"@type\":\"ImageObject\",\"inLanguage\":\"es\",\"@id\":\"https:\\\/\\\/nrtw.org\\\/sample-resignation-public\\\/#primaryimage\",\"url\":\"https:\\\/\\\/nrtw.org\\\/wp-content\\\/uploads\\\/2023\\\/11\\\/qtq80-2yOFFc.jpeg\",\"contentUrl\":\"https:\\\/\\\/nrtw.org\\\/wp-content\\\/uploads\\\/2023\\\/11\\\/qtq80-2yOFFc.jpeg\",\"width\":2164,\"height\":1440,\"caption\":\"National Right to Work Legal Defense Foundation\"},{\"@type\":\"WebSite\",\"@id\":\"https:\\\/\\\/nrtw.org\\\/#website\",\"url\":\"https:\\\/\\\/nrtw.org\\\/\",\"name\":\"National Right to Work Foundation\",\"description\":\"\",\"potentialAction\":[{\"@type\":\"SearchAction\",\"target\":{\"@type\":\"EntryPoint\",\"urlTemplate\":\"https:\\\/\\\/nrtw.org\\\/?s={search_term_string}\"},\"query-input\":{\"@type\":\"PropertyValueSpecification\",\"valueRequired\":true,\"valueName\":\"search_term_string\"}}],\"inLanguage\":\"es\"}]}<\/script>\n<!-- \/ Yoast SEO plugin. -->","yoast_head_json":{"title":"[:en]Sample Union Resignation Letter[:es]Muestra de una carta de renuncia al sindicato[:] - National Right to Work Foundation","robots":{"index":"index","follow":"follow","max-snippet":"max-snippet:-1","max-image-preview":"max-image-preview:large","max-video-preview":"max-video-preview:-1"},"canonical":"https:\/\/nrtw.org\/sample-resignation-public\/","og_locale":"es_ES","og_type":"article","og_title":"Sample Union Resignation Letter","og_description":"Below is a sample union resignation letter. You should check your union's constitution and bylaws to see if it is specific to whom a resignation must be sent. Send the original to the union, send a copy to your employer, and save a copy for your files.  [LETTER TO UNION:  SEND BY CERTIFIED MAIL,  RETURN RECEIPT REQUESTED]   [insert your Name] [insert your Mailing address]   [Date]   [insert Name of union] [insert Address of union] [insert Name of appropriate union officer]:","og_url":"https:\/\/nrtw.org\/sample-resignation-public\/","og_site_name":"National Right to Work Foundation","article_modified_time":"2023-11-17T20:11:23+00:00","og_image":[{"width":2164,"height":1440,"url":"https:\/\/nrtw.org\/wp-content\/uploads\/2023\/11\/qtq80-2yOFFc.jpeg","type":"image\/jpeg"}],"twitter_card":"summary_large_image","twitter_title":"Sample Union Resignation Letter","twitter_image":"https:\/\/nrtw.org\/wp-content\/uploads\/2023\/11\/qtq80-2yOFFc.jpeg","twitter_misc":{"Tiempo de lectura":"4 minutos"},"schema":{"@context":"https:\/\/schema.org","@graph":[{"@type":"WebPage","@id":"https:\/\/nrtw.org\/sample-resignation-public\/","url":"https:\/\/nrtw.org\/sample-resignation-public\/","name":"[:en]Sample Union Resignation Letter[:es]Muestra de una carta de renuncia al sindicato[:] - National Right to Work Foundation","isPartOf":{"@id":"https:\/\/nrtw.org\/#website"},"primaryImageOfPage":{"@id":"https:\/\/nrtw.org\/sample-resignation-public\/#primaryimage"},"image":{"@id":"https:\/\/nrtw.org\/sample-resignation-public\/#primaryimage"},"thumbnailUrl":"https:\/\/nrtw.org\/wp-content\/uploads\/2023\/11\/qtq80-2yOFFc.jpeg","datePublished":"2008-02-08T14:20:28+00:00","dateModified":"2023-11-17T20:11:23+00:00","inLanguage":"es","potentialAction":[{"@type":"ReadAction","target":["https:\/\/nrtw.org\/sample-resignation-public\/"]}]},{"@type":"ImageObject","inLanguage":"es","@id":"https:\/\/nrtw.org\/sample-resignation-public\/#primaryimage","url":"https:\/\/nrtw.org\/wp-content\/uploads\/2023\/11\/qtq80-2yOFFc.jpeg","contentUrl":"https:\/\/nrtw.org\/wp-content\/uploads\/2023\/11\/qtq80-2yOFFc.jpeg","width":2164,"height":1440,"caption":"National Right to Work Legal Defense Foundation"},{"@type":"WebSite","@id":"https:\/\/nrtw.org\/#website","url":"https:\/\/nrtw.org\/","name":"National Right to Work Foundation","description":"","potentialAction":[{"@type":"SearchAction","target":{"@type":"EntryPoint","urlTemplate":"https:\/\/nrtw.org\/?s={search_term_string}"},"query-input":{"@type":"PropertyValueSpecification","valueRequired":true,"valueName":"search_term_string"}}],"inLanguage":"es"}]}},"_links":{"self":[{"href":"https:\/\/nrtw.org\/es\/wp-json\/wp\/v2\/pages\/2002","targetHints":{"allow":["GET"]}}],"collection":[{"href":"https:\/\/nrtw.org\/es\/wp-json\/wp\/v2\/pages"}],"about":[{"href":"https:\/\/nrtw.org\/es\/wp-json\/wp\/v2\/types\/page"}],"author":[{"embeddable":true,"href":"https:\/\/nrtw.org\/es\/wp-json\/wp\/v2\/users\/2"}],"replies":[{"embeddable":true,"href":"https:\/\/nrtw.org\/es\/wp-json\/wp\/v2\/comments?post=2002"}],"version-history":[{"count":4,"href":"https:\/\/nrtw.org\/es\/wp-json\/wp\/v2\/pages\/2002\/revisions"}],"predecessor-version":[{"id":16575,"href":"https:\/\/nrtw.org\/es\/wp-json\/wp\/v2\/pages\/2002\/revisions\/16575"}],"wp:featuredmedia":[{"embeddable":true,"href":"https:\/\/nrtw.org\/es\/wp-json\/wp\/v2\/media\/16569"}],"wp:attachment":[{"href":"https:\/\/nrtw.org\/es\/wp-json\/wp\/v2\/media?parent=2002"}],"curies":[{"name":"wp","href":"https:\/\/api.w.org\/{rel}","templated":true}]}}