{"id":19251,"date":"2026-03-18T17:06:15","date_gmt":"2026-03-18T21:06:15","guid":{"rendered":"https:\/\/nrtw.org\/?page_id=19230"},"modified":"2026-03-18T17:06:15","modified_gmt":"2026-03-18T21:06:15","slug":"jbs","status":"publish","type":"page","link":"https:\/\/nrtw.org\/es\/jbs\/","title":{"rendered":"Aviso legal especial para los empleados de JBS Meatpacking afectados por la huelga de UFCW"},"content":{"rendered":"<p><\/p>\n<p><p><i>To view this legal notice in English, <a href=\"https:\/\/nrtw.org\/en\/jbs\/\">please click here<\/a>.<\/i><\/p>\n<\/p>\n<p>Las noticias informan de que los dirigentes sindicales de la secci\u00f3n local 7 del sindicato United Food &#038; Commercial Workers (UFCW) han convocado una huelga que afecta a cerca de 4.000 empleados de la planta de la empresa JBS en Greeley, Colorado. Las informaciones tambi\u00e9n indican que muchos trabajadores han optado por seguir trabajando en lugar de sumarse a la huelga.<\/p>\n<p><b>La situaci\u00f3n es tan preocupante entre los empleados de JBS, que consideran que tienen mucho que perder con una huelga convocada por el sindicato. Por eso, los trabajadores que se enfrentan a las exigencias de huelga suelen ponerse en contacto con la Fundaci\u00f3n Nacional de Defensa Legal del Derecho al Trabajo para informarse de c\u00f3mo pueden evitar multas y otras sanciones sindicales por seguir trabajando para mantenerse a s\u00ed mismos y a sus familias.<\/b><\/p>\n<p>La realidad es que los empleados no est\u00e1n obligados a afiliarse ni a seguir afiliados al sindicato UFCW ni a ning\u00fan otro sindicato para conseguir o conservar sus puestos de trabajo. A pesar de que los contratos sindicales suelen contener lenguaje que puede llevar a la confusi\u00f3n, no se le puede exigir a ning\u00fan empleado a que sea miembro de un sindicato. Adem\u00e1s, si un empleado no es miembro de un sindicato, los oficiales o representantes sindicales no tienen autoridad para multarle ni imponerle medidas disciplinarias durante una huelga. Al renunciar a su membres\u00eda, los empleados pueden rechazar las convocatorias de huelga del sindicato y volver al trabajo.<\/p>\n<p>Durante cinco d\u00e9cadas, la Fundaci\u00f3n Nacional de Defensa Legal del Derecho al Trabajo ha trabajado para ampliar y proteger los derechos de los trabajadores en estas situaciones. La Fundaci\u00f3n es la principal organizaci\u00f3n del pa\u00eds dedicada exclusivamente a prestar asistencia jur\u00eddica gratuita a los trabajadores que son v\u00edctimas de abusos relacionados con el sindicalismo obligatorio. <b>De hecho, los casos de la Fundaci\u00f3n han dado lugar a <a href=\"https:\/\/nrtw.org\/en\/news\/ufcw-local-7-complaint-03132026\/\">procesos judiciales federales<\/a> contra dirigentes sindicales de la secci\u00f3n local 7 del sindicato UFCW por intentar imponer multas de forma ilegal a los empleados de los supermercados King Soopers durante una huelga celebrada en 2025.<\/b><\/p>\n<p>Los empleados de JBS deben leer atentamente este aviso y considerar la posibilidad de ponerse en contacto con los abogados de la Fundaci\u00f3n para solicitar ayuda, con el fin de garantizar que el sindicato UFCW no pueda imponerles ninguna multa.<\/p>\n<p>Los empleados de JBS deben saber que tienen los siguientes derechos:<\/p>\n<ol>\n<li>\n<p><b>Tienes derecho a no afiliarte a un sindicato.<\/b> Si actualmente est\u00e1s afiliado a un sindicato, puedes dar de baja tu afiliaci\u00f3n enviando al sindicato <a href=\"https:\/\/nrtw.org\/es\/sample-resignation-private\/\">una carta<\/a> en la que renuncias a dicha afiliaci\u00f3n\/membres\u00eda.<\/p>\n<p><b>NOTA:<\/b> Si es posible, env\u00eda la carta por correo certificado con retorno de recibo y guarda copias de la carta y del recibo como pruebas de entrega. Si entregas en persona tu renuncia de afiliaci\u00f3n o la revocaci\u00f3n de cuotas sindicales, aseg\u00farate de contar con un testigo fiable durante la entrega. Seg\u00fan nuestra experiencia, no es raro que los dirigentes sindicales, enfadados por la renuncia finjan no haber recibido las renuncias y, aun as\u00ed, inicien procedimientos contra los trabajadores que no se han sumado a la huelga.<\/p>\n<\/li>\n<li>\n<p><b>Tienes derecho a acudir al trabajo durante una huelga.<\/b> Los sindicatos solo pueden imponer multas (y a menudo lo hacen) a los afiliados que trabajen durante una huelga. Por lo tanto, si eres miembro de un sindicato, deber\u00edas plantearte seriamente dar de baja tu afiliaci\u00f3n ANTES de volver al trabajo durante una huelga, para evitar multas y sanciones del sindicato. V\u00e9ase <a href=\"https:\/\/nrtw.org\/es\/union-discipline-and-employee-rights\/\">\u00abDisciplina sindical y derechos de los trabajadores\u00bb<\/a>.<\/p>\n<\/li>\n<li>\n<p><b>Tienes derecho a revocar la deducci\u00f3n de las cuotas sindicales y a impedir que el sindicato te descuente dinero de tu n\u00f3mina.<\/b> Puedes enviar cartas al sindicato y a tu empresa revocando tu autorizaci\u00f3n para que se deduzcan las cuotas sindicales de tu n\u00f3mina durante los periodos en los que no haya un convenio colectivo (contrato) en vigor. Dado que en Colorado no existe legislaci\u00f3n de \u00abderecho al trabajo\u00bb, es posible que los trabajadores que no se hayan afiliado a un sindicato tengan que pagar una parte de las cuotas sindicales una vez que se haya ratificado un contrato entre el sindicato y la empresa. Sin embargo, los trabajadores no afiliados al sindicato tienen derecho, en virtud al fallo del Tribunal Supremo de Justicia en el caso Communications Workers vs. Beck (1988) \u2014ganado por la Fundaci\u00f3n\u2014, el cual niega a sufragar los gastos pol\u00edticos del sindicato y otros gastos no relacionados con la negociaci\u00f3n colectiva y las gestiones del contrato.<\/p>\n<p><a href=\"https:\/\/nrtw.org\/es\/sample-resignation-private\/\">Aqu\u00ed<\/a> encontrar\u00e1 un modelo de carta para los empleados que deseen darse de baja del sindicato, revocar la deducci\u00f3n de las cuotas sindicales y ejercer su derecho, en virtud de la doctrina Beck, a excluirse de las deducciones de cuotas destinadas a actividades pol\u00edticas del sindicato y otros gastos no relacionados con la negociaci\u00f3n colectiva.<\/p>\n<\/li>\n<li>\n<p><b>Si desea expulsar de su lugar de trabajo a una jerarqu\u00eda sindicalista que no rinde cuentas, tiene derecho a hacer circular o firmar una petici\u00f3n de descertificaci\u00f3n para que se celebre una votaci\u00f3n secreta con ese fin.<\/b> V\u00e9ase <a href=\"https:\/\/nrtw.org\/es\/decertification-election\/\">\u00abElecci\u00f3n de descertificaci\u00f3n\u00bb<\/a>.<\/p>\n<\/li>\n<\/ol>\n<p>Visite la secci\u00f3n <a href=\"https:\/\/nrtw.org\/es\/your-rights-private\/\">\u00abAcerca de sus derechos legales: empleados del sector privado\u00bb<\/a> para obtener m\u00e1s informaci\u00f3n sobre sus derechos y p\u00f3ngase en contacto con la Fundaci\u00f3n NRTW visitando la p\u00e1gina <a href=\"https:\/\/nrtw.org\/es\/free-legal-aid\/\">https:\/\/nrtw.org\/es\/free-legal-aid\/<\/a>, por correo electr\u00f3nico a <a href=\"mailto:legal@nrtw.org\">legal@nrtw.org<\/a> o llamando al 800-336-3600 si tiene alguna pregunta.<\/p>","protected":false},"excerpt":{"rendered":"<p>To view this legal notice in English, please click here. Las noticias informan de que los dirigentes sindicales de la secci\u00f3n local 7 del sindicato United Food &#038; Commercial Workers (UFCW) han convocado una huelga que afecta a cerca de 4.000 empleados de la planta de la empresa JBS en Greeley, Colorado. Las informaciones tambi\u00e9n [&hellip;]<\/p>\n","protected":false},"author":21,"featured_media":0,"parent":0,"menu_order":0,"comment_status":"closed","ping_status":"closed","template":"","meta":{"_lmt_disableupdate":"","_lmt_disable":"","footnotes":""},"class_list":["post-19251","page","type-page","status-publish","hentry"],"yoast_head":"<!-- This site is optimized with the Yoast SEO plugin v27.5 - https:\/\/yoast.com\/product\/yoast-seo-wordpress\/ -->\n<title>Special Legal Notice for JBS Meatpacking Employees Affected by UFCW Strike - National Right to Work Foundation<\/title>\n<meta name=\"description\" content=\"Colorado JBS employees should read this notice carefully and consider contacting Foundation staff attorneys for assistance to ensure UFCW officials cannot impose any fines against them.\" \/>\n<meta name=\"robots\" content=\"index, follow, max-snippet:-1, max-image-preview:large, max-video-preview:-1\" \/>\n<link rel=\"canonical\" href=\"https:\/\/nrtw.org\/jbs\/\" \/>\n<meta property=\"og:locale\" content=\"es_ES\" \/>\n<meta property=\"og:type\" content=\"article\" \/>\n<meta property=\"og:title\" content=\"Special Legal Notice for JBS Meatpacking Employees Affected by UFCW Strike\" \/>\n<meta property=\"og:description\" content=\"Colorado JBS employees should read this notice carefully and consider contacting Foundation staff attorneys for assistance to ensure UFCW officials cannot impose any fines against them.\" \/>\n<meta property=\"og:url\" content=\"https:\/\/nrtw.org\/jbs\/\" \/>\n<meta property=\"og:site_name\" content=\"National Right to Work Foundation\" \/>\n<meta property=\"og:image\" content=\"https:\/\/nrtw.org\/wp-content\/uploads\/2026\/03\/JBS-Strike-FB-Image.png\" \/>\n\t<meta property=\"og:image:width\" content=\"1200\" \/>\n\t<meta property=\"og:image:height\" content=\"628\" \/>\n\t<meta property=\"og:image:type\" content=\"image\/png\" \/>\n<meta name=\"twitter:card\" content=\"summary_large_image\" \/>\n<meta name=\"twitter:title\" content=\"Special Legal Notice for JBS Meatpacking Employees Affected by UFCW Strike\" \/>\n<meta name=\"twitter:description\" content=\"Colorado JBS employees should read this notice carefully and consider contacting Foundation staff attorneys for assistance to ensure UFCW officials cannot impose any fines against them.\" \/>\n<meta name=\"twitter:image\" content=\"https:\/\/nrtw.org\/wp-content\/uploads\/2026\/03\/JBS-Strike-X-Image.png\" \/>\n<meta name=\"twitter:label1\" content=\"Tiempo de lectura\" \/>\n\t<meta name=\"twitter:data1\" content=\"7 minutos\" \/>\n<script type=\"application\/ld+json\" class=\"yoast-schema-graph\">{\"@context\":\"https:\\\/\\\/schema.org\",\"@graph\":[{\"@type\":\"WebPage\",\"@id\":\"https:\\\/\\\/nrtw.org\\\/jbs\\\/\",\"url\":\"https:\\\/\\\/nrtw.org\\\/jbs\\\/\",\"name\":\"Special Legal Notice for JBS Meatpacking Employees Affected by UFCW Strike - National Right to Work Foundation\",\"isPartOf\":{\"@id\":\"https:\\\/\\\/nrtw.org\\\/#website\"},\"datePublished\":\"2026-03-18T21:06:15+00:00\",\"description\":\"Colorado JBS employees should read this notice carefully and consider contacting Foundation staff attorneys for assistance to ensure UFCW officials cannot impose any fines against them.\",\"inLanguage\":\"es\",\"potentialAction\":[{\"@type\":\"ReadAction\",\"target\":[\"https:\\\/\\\/nrtw.org\\\/jbs\\\/\"]}]},{\"@type\":\"WebSite\",\"@id\":\"https:\\\/\\\/nrtw.org\\\/#website\",\"url\":\"https:\\\/\\\/nrtw.org\\\/\",\"name\":\"National Right to Work Foundation\",\"description\":\"\",\"potentialAction\":[{\"@type\":\"SearchAction\",\"target\":{\"@type\":\"EntryPoint\",\"urlTemplate\":\"https:\\\/\\\/nrtw.org\\\/?s={search_term_string}\"},\"query-input\":{\"@type\":\"PropertyValueSpecification\",\"valueRequired\":true,\"valueName\":\"search_term_string\"}}],\"inLanguage\":\"es\"}]}<\/script>\n<!-- \/ Yoast SEO plugin. -->","yoast_head_json":{"title":"Special Legal Notice for JBS Meatpacking Employees Affected by UFCW Strike - National Right to Work Foundation","description":"Colorado JBS employees should read this notice carefully and consider contacting Foundation staff attorneys for assistance to ensure UFCW officials cannot impose any fines against them.","robots":{"index":"index","follow":"follow","max-snippet":"max-snippet:-1","max-image-preview":"max-image-preview:large","max-video-preview":"max-video-preview:-1"},"canonical":"https:\/\/nrtw.org\/jbs\/","og_locale":"es_ES","og_type":"article","og_title":"Special Legal Notice for JBS Meatpacking Employees Affected by UFCW Strike","og_description":"Colorado JBS employees should read this notice carefully and consider contacting Foundation staff attorneys for assistance to ensure UFCW officials cannot impose any fines against them.","og_url":"https:\/\/nrtw.org\/jbs\/","og_site_name":"National Right to Work Foundation","og_image":[{"width":1200,"height":628,"url":"https:\/\/nrtw.org\/wp-content\/uploads\/2026\/03\/JBS-Strike-FB-Image.png","type":"image\/png"}],"twitter_card":"summary_large_image","twitter_title":"Special Legal Notice for JBS Meatpacking Employees Affected by UFCW Strike","twitter_description":"Colorado JBS employees should read this notice carefully and consider contacting Foundation staff attorneys for assistance to ensure UFCW officials cannot impose any fines against them.","twitter_image":"https:\/\/nrtw.org\/wp-content\/uploads\/2026\/03\/JBS-Strike-X-Image.png","twitter_misc":{"Tiempo de lectura":"7 minutos"},"schema":{"@context":"https:\/\/schema.org","@graph":[{"@type":"WebPage","@id":"https:\/\/nrtw.org\/jbs\/","url":"https:\/\/nrtw.org\/jbs\/","name":"Special Legal Notice for JBS Meatpacking Employees Affected by UFCW Strike - National Right to Work Foundation","isPartOf":{"@id":"https:\/\/nrtw.org\/#website"},"datePublished":"2026-03-18T21:06:15+00:00","description":"Colorado JBS employees should read this notice carefully and consider contacting Foundation staff attorneys for assistance to ensure UFCW officials cannot impose any fines against them.","inLanguage":"es","potentialAction":[{"@type":"ReadAction","target":["https:\/\/nrtw.org\/jbs\/"]}]},{"@type":"WebSite","@id":"https:\/\/nrtw.org\/#website","url":"https:\/\/nrtw.org\/","name":"National Right to Work Foundation","description":"","potentialAction":[{"@type":"SearchAction","target":{"@type":"EntryPoint","urlTemplate":"https:\/\/nrtw.org\/?s={search_term_string}"},"query-input":{"@type":"PropertyValueSpecification","valueRequired":true,"valueName":"search_term_string"}}],"inLanguage":"es"}]}},"_links":{"self":[{"href":"https:\/\/nrtw.org\/es\/wp-json\/wp\/v2\/pages\/19251","targetHints":{"allow":["GET"]}}],"collection":[{"href":"https:\/\/nrtw.org\/es\/wp-json\/wp\/v2\/pages"}],"about":[{"href":"https:\/\/nrtw.org\/es\/wp-json\/wp\/v2\/types\/page"}],"author":[{"embeddable":true,"href":"https:\/\/nrtw.org\/es\/wp-json\/wp\/v2\/users\/21"}],"replies":[{"embeddable":true,"href":"https:\/\/nrtw.org\/es\/wp-json\/wp\/v2\/comments?post=19251"}],"version-history":[{"count":0,"href":"https:\/\/nrtw.org\/es\/wp-json\/wp\/v2\/pages\/19251\/revisions"}],"wp:attachment":[{"href":"https:\/\/nrtw.org\/es\/wp-json\/wp\/v2\/media?parent=19251"}],"curies":[{"name":"wp","href":"https:\/\/api.w.org\/{rel}","templated":true}]}}