{"id":18029,"date":"2025-01-30T12:49:38","date_gmt":"2025-01-30T17:49:38","guid":{"rendered":"https:\/\/nrtw.org\/?page_id=18029"},"modified":"2025-05-13T16:56:05","modified_gmt":"2025-05-13T20:56:05","slug":"hotel","status":"publish","type":"page","link":"https:\/\/nrtw.org\/es\/hotel\/","title":{"rendered":"Trabajadores de hoteles: Defiendan sus derechos legales"},"content":{"rendered":"<p><a href=\"https:\/\/nrtw.org\/en\/hotel\">[In English]<\/a><a href=\"https:\/\/nrtw.org\/wp-content\/uploads\/2025\/03\/Hotel-Workers-Rights.jpg\"><img loading=\"lazy\" decoding=\"async\" class=\"wp-image-18260 alignright\" src=\"https:\/\/nrtw.org\/wp-content\/uploads\/2025\/03\/Hotel-Workers-Rights-293x300.jpg\" alt=\"\" width=\"450\" height=\"461\" srcset=\"https:\/\/nrtw.org\/wp-content\/uploads\/2025\/03\/Hotel-Workers-Rights-293x300.jpg 293w, https:\/\/nrtw.org\/wp-content\/uploads\/2025\/03\/Hotel-Workers-Rights-50x50.jpg 50w, https:\/\/nrtw.org\/wp-content\/uploads\/2025\/03\/Hotel-Workers-Rights.jpg 766w\" sizes=\"auto, (max-width: 450px) 100vw, 450px\" \/><\/a><\/p>\n<p>Si usted es un trabajador de hotel que necesita asistencia legal, p\u00f3ngase en contacto con la National Right to Work Legal Defense Foundation de inmediato.<\/p>\n<p>La National Right to Work Legal Defense Foundation ha proporcionado ayuda legal gratuita a miles de trabajadores que han sido v\u00edctimas de las t\u00e1cticas coercitivas de los grandes sindicatos.<\/p>\n<p>Los abogados de la Fundaci\u00f3n litigan cientos de casos al a\u00f1o en nombre de los trabajadores y siempre de forma gratuita. Esto incluye docenas de casos de trabajadores de hoteles, muchos de estos casos han sido contra las coerciones de los jefes sindicales de UNITE-HERE. Los trabajadores de hoteles en Chicago, San Francisco, Washington DC y Boston se encuentran entre los que han recibido la ayuda de los abogados de la Fundaci\u00f3n recientemente.<\/p>\n<p>Si usted es un empleado de hotel y ha sido v\u00edctima de abusos de sindicalismo forzoso o quiere ejercer su derecho a eliminar (\u00abdescertificar\u00bb) un sindicato en su lugar de trabajo, p\u00f3ngase en contacto inmediatamente con la National Right to Work Foundation para obtener asistencia legal:<\/p>\n\n                <div class='gf_browser_gecko gform_wrapper gform_legacy_markup_wrapper gform-theme--no-framework' data-form-theme='legacy' data-form-index='0' id='gform_wrapper_24' >\n                        <div class='gform_heading'>\n                            <h3 class=\"gform_title\">Solicite ayuda jur\u00eddica gratuita:<\/h3>\n                            <p class='gform_description'><\/p>\n                        <\/div><form method='post' enctype='multipart\/form-data'  id='gform_24'  action=\"\/es\/wp-json\/wp\/v2\/pages\/18029\" data-formid='24' novalidate>\n                        <div class='gform-body gform_body'><ul id='gform_fields_24' class='gform_fields top_label form_sublabel_below description_below validation_below'><li id=\"field_24_1\" class=\"gfield gfield--type-text gfield_contains_required field_sublabel_below gfield--no-description field_description_below field_validation_below gfield_visibility_visible\"  ><label class='gfield_label gform-field-label' for='input_24_1'>Nombre<span class=\"gfield_required\"><span class=\"gfield_required gfield_required_asterisk\">*<\/span><\/span><\/label><div class='ginput_container ginput_container_text'><input name='input_1' id='input_24_1' type='text' value='' class='medium'     aria-required=\"true\" aria-invalid=\"false\"   \/><\/div><\/li><li id=\"field_24_2\" class=\"gfield gfield--type-text gfield_contains_required field_sublabel_below gfield--no-description field_description_below field_validation_below gfield_visibility_visible\"  ><label class='gfield_label gform-field-label' for='input_24_2'>Apellido<span class=\"gfield_required\"><span class=\"gfield_required gfield_required_asterisk\">*<\/span><\/span><\/label><div class='ginput_container ginput_container_text'><input name='input_2' id='input_24_2' type='text' value='' class='medium'     aria-required=\"true\" aria-invalid=\"false\"   \/><\/div><\/li><li id=\"field_24_18\" class=\"gfield gfield--type-textarea gfield--width-full gfield_contains_required field_sublabel_below gfield--no-description field_description_below field_validation_below gfield_visibility_visible\"  ><label class='gfield_label gform-field-label' for='input_24_18'>La National Right to Work Legal Defense Foundation (La Fundaci\u00f3n) ha proporcionado ayuda legal gratuita a miles de trabajadores que han sido v\u00edctimas de las t\u00e1cticas coercitivas de los grandes sindicatos.<span class=\"gfield_required\"><span class=\"gfield_required gfield_required_asterisk\">*<\/span><\/span><\/label><div class='ginput_container ginput_container_textarea'><textarea name='input_18' id='input_24_18' class='textarea medium'     aria-required=\"true\" aria-invalid=\"false\"   rows='10' cols='50'><\/textarea><\/div><\/li><li id=\"field_24_5\" class=\"gfield gfield--type-text field_sublabel_below gfield--no-description field_description_below field_validation_below gfield_visibility_visible\"  ><label class='gfield_label gform-field-label' for='input_24_5'>Correo electr\u00f3nico \u2020<\/label><div class='ginput_container ginput_container_text'><input name='input_5' id='input_24_5' type='text' value='' class='medium'      aria-invalid=\"false\"   \/><\/div><\/li><li id=\"field_24_7\" class=\"gfield gfield--type-text field_sublabel_below gfield--no-description field_description_below field_validation_below gfield_visibility_visible\"  ><label class='gfield_label gform-field-label' for='input_24_7'>Tel\u00e9fono<\/label><div class='ginput_container ginput_container_text'><input name='input_7' id='input_24_7' type='text' value='' class='medium'      aria-invalid=\"false\"   \/><\/div><\/li><li id=\"field_24_19\" class=\"gfield gfield--type-consent gfield--type-choice gfield--input-type-consent gfield--width-full field_sublabel_below gfield--has-description field_description_below hidden_label field_validation_below gfield_visibility_visible\"  ><label class='gfield_label gform-field-label gfield_label_before_complex' >Consent<\/label><div class='ginput_container ginput_container_consent'><input name='input_19.1' id='input_24_19_1' type='checkbox' value='1'  aria-describedby=\"gfield_consent_description_24_19\"  aria-invalid=\"false\"   \/> <label class=\"gform-field-label gform-field-label--type-inline gfield_consent_label\" for='input_24_19_1' >Al marcar esta casilla, usted consiente recibir mensajes de texto SMS de la Fundaci\u00f3n Nacional de Defensa Legal del Derecho al Trabajo, Inc.  Responda \"STOP\" para cancelar en cualquier momento.  Responda \u201cHELP\u201d para obtener asistencia.  Cargos de mensajes y datos pueden aplicar. La frecuencia de los mensajes puede variar.<\/label><input type='hidden' name='input_19.2' value='Al marcar esta casilla, usted consiente recibir mensajes de texto SMS de la Fundaci\u00f3n Nacional de Defensa Legal del Derecho al Trabajo, Inc.  Responda &quot;STOP&quot; para cancelar en cualquier momento.  Responda \u201cHELP\u201d para obtener asistencia.  Cargos de mensajes y datos pueden aplicar. La frecuencia de los mensajes puede variar.' class='gform_hidden' \/><input type='hidden' name='input_19.3' value='24' class='gform_hidden' \/><\/div><div class='gfield_description gfield_consent_description' id='gfield_consent_description_24_19' tabindex='0'><a href=\" https:\/\/nrtw.org\/privacy-policy\/\">Privacy Policy <\/a>& <a href=\" https:\/\/nrtw.org\/terms-of-web-site-use\/\">Terms of Use<\/a><\/div><\/li><\/ul><\/div>\n        <div class='gform-footer gform_footer top_label'> <input type='submit' id='gform_submit_button_24' class='gform_button button' onclick='gform.submission.handleButtonClick(this);' data-submission-type='submit' value='Solicito ayuda'  \/> \n            <input type='hidden' class='gform_hidden' name='gform_submission_method' data-js='gform_submission_method_24' value='postback' \/>\n            <input type='hidden' class='gform_hidden' name='gform_theme' data-js='gform_theme_24' id='gform_theme_24' value='legacy' \/>\n            <input type='hidden' class='gform_hidden' name='gform_style_settings' data-js='gform_style_settings_24' id='gform_style_settings_24' value='[]' \/>\n            <input type='hidden' class='gform_hidden' name='is_submit_24' value='1' \/>\n            <input type='hidden' class='gform_hidden' name='gform_submit' value='24' \/>\n            \n            <input type='hidden' class='gform_hidden' name='gform_currency' data-currency='USD' value='+F\/8HqqkZ+WU8h7+4KRAXzRYsNMsZ5QXdX3kidqJBsKzJhH5HStKxHxWtENODtbFudTUVEngYlY8D14\/SezumxtnFa0kwCBAN6yA+Zt5B97zmWg=' \/>\n            <input type='hidden' class='gform_hidden' name='gform_unique_id' value='' \/>\n            <input type='hidden' class='gform_hidden' name='state_24' value='WyJ7XCIxOS4xXCI6XCI5YTQ3ZDVlOWJlYzcyNWY5NjZhY2NhZjQzMTNmYjgxNVwiLFwiMTkuMlwiOlwiZWNiYjc2MThhMzc3NzFlZWI2MGViNjNhNWQ5M2NiZDZcIixcIjE5LjNcIjpcIjUwNDcwODdlMjhhMDRiNjZmYjljNWZlYmJiODFhMDViXCJ9IiwiNGFmZDQ0NjM1OGIzODJjZmY0ODAzNGE1MzQ4ZTBmYzMiXQ==' \/>\n            <input type='hidden' autocomplete='off' class='gform_hidden' name='gform_target_page_number_24' id='gform_target_page_number_24' value='0' \/>\n            <input type='hidden' autocomplete='off' class='gform_hidden' name='gform_source_page_number_24' id='gform_source_page_number_24' value='1' \/>\n            <input type='hidden' name='gform_field_values' value='' \/>\n            \n        <\/div>\n                        <\/form>\n                        <\/div><script type=\"text\/javascript\">\n\/* <![CDATA[ *\/\n gform.initializeOnLoaded( function() {gformInitSpinner( 24, 'https:\/\/nrtw.org\/wp-content\/plugins\/gravityforms\/images\/spinner.svg', true );jQuery('#gform_ajax_frame_24').on('load',function(){var contents = jQuery(this).contents().find('*').html();var is_postback = contents.indexOf('GF_AJAX_POSTBACK') >= 0;if(!is_postback){return;}var form_content = jQuery(this).contents().find('#gform_wrapper_24');var is_confirmation = jQuery(this).contents().find('#gform_confirmation_wrapper_24').length > 0;var is_redirect = contents.indexOf('gformRedirect(){') >= 0;var is_form = form_content.length > 0 && ! is_redirect && ! is_confirmation;var mt = parseInt(jQuery('html').css('margin-top'), 10) + parseInt(jQuery('body').css('margin-top'), 10) + 100;if(is_form){jQuery('#gform_wrapper_24').html(form_content.html());if(form_content.hasClass('gform_validation_error')){jQuery('#gform_wrapper_24').addClass('gform_validation_error');} else {jQuery('#gform_wrapper_24').removeClass('gform_validation_error');}setTimeout( function() { \/* delay the scroll by 50 milliseconds to fix a bug in chrome *\/  }, 50 );if(window['gformInitDatepicker']) {gformInitDatepicker();}if(window['gformInitPriceFields']) {gformInitPriceFields();}var current_page = jQuery('#gform_source_page_number_24').val();gformInitSpinner( 24, 'https:\/\/nrtw.org\/wp-content\/plugins\/gravityforms\/images\/spinner.svg', true );jQuery(document).trigger('gform_page_loaded', [24, current_page]);window['gf_submitting_24'] = false;}else if(!is_redirect){var confirmation_content = jQuery(this).contents().find('.GF_AJAX_POSTBACK').html();if(!confirmation_content){confirmation_content = contents;}jQuery('#gform_wrapper_24').replaceWith(confirmation_content);jQuery(document).trigger('gform_confirmation_loaded', [24]);window['gf_submitting_24'] = false;wp.a11y.speak(jQuery('#gform_confirmation_message_24').text());}else{jQuery('#gform_24').append(contents);if(window['gformRedirect']) {gformRedirect();}}jQuery(document).trigger(\"gform_pre_post_render\", [{ formId: \"24\", currentPage: \"current_page\", abort: function() { this.preventDefault(); } }]);        if (event && event.defaultPrevented) {                return;        }        const gformWrapperDiv = document.getElementById( \"gform_wrapper_24\" );        if ( gformWrapperDiv ) {            const visibilitySpan = document.createElement( \"span\" );            visibilitySpan.id = \"gform_visibility_test_24\";            gformWrapperDiv.insertAdjacentElement( \"afterend\", visibilitySpan );        }        const visibilityTestDiv = document.getElementById( \"gform_visibility_test_24\" );        let postRenderFired = false;        function triggerPostRender() {            if ( postRenderFired ) {                return;            }            postRenderFired = true;            gform.core.triggerPostRenderEvents( 24, current_page );            if ( visibilityTestDiv ) {                visibilityTestDiv.parentNode.removeChild( visibilityTestDiv );            }        }        function debounce( func, wait, immediate ) {            var timeout;            return function() {                var context = this, args = arguments;                var later = function() {                    timeout = null;                    if ( !immediate ) func.apply( context, args );                };                var callNow = immediate && !timeout;                clearTimeout( timeout );                timeout = setTimeout( later, wait );                if ( callNow ) func.apply( context, args );            };        }        const debouncedTriggerPostRender = debounce( function() {            triggerPostRender();        }, 200 );        if ( visibilityTestDiv && visibilityTestDiv.offsetParent === null ) {            const observer = new MutationObserver( ( mutations ) => {                mutations.forEach( ( mutation ) => {                    if ( mutation.type === 'attributes' && visibilityTestDiv.offsetParent !== null ) {                        debouncedTriggerPostRender();                        observer.disconnect();                    }                });            });            observer.observe( document.body, {                attributes: true,                childList: false,                subtree: true,                attributeFilter: [ 'style', 'class' ],            });        } else {            triggerPostRender();        }    } );} ); \n\/* ]]> *\/\n<\/script>\n\n<p>&nbsp;<\/p>\n<p>Su solicitud de informaci\u00f3n tiene que estar relacionada con asuntos tales como: membres\u00eda sindical forzosa o pagos forzoso de cuotas;\u00a0 violencia sindical en contra de los empleados por no ser miembro o por no pagar cuotas del sindicato; cuotas sindicales forzosas usadas para la pol\u00edtica; empleados que desean dejar un sindicato o no pagar cuotas por motivos religiosos; elecciones de decertificaci\u00f3n o desautorizaci\u00f3n; y con los abusos de c\u00e1maras de contrataci\u00f3n exclusivas.<\/p>\n<p>No proporcionamos ayuda jur\u00eddica para cualquier otro asunto de labor relacionado con cl\u00e1usulas de no competencia, empleo a voluntad, discriminaci\u00f3n general en el trabajo (tales como discriminaci\u00f3n en el trabajo basada en la edad, raza, o discapacidad) o preguntas en general acerca de los asuntos internos sindicales para empleados que voluntariamente son miembros de un sindicato.<\/p>\n<p>Si su solicitud est\u00e1 potencialmente dentro del marco de nuestro programa de litigaci\u00f3n, un abogado de plantilla de la Fundaci\u00f3n o asistente legal se comunicar\u00e1 con usted lo m\u00e1s pronto posible. <strong>No hay ning\u00fan cargo<\/strong> por este servicio y cualquier informaci\u00f3n que usted nos mande mientras solicita ayuda jur\u00eddica se mantendr\u00e1 <strong>estrictamente confidencial<\/strong>. Si su solicitud es <strong>urgente<\/strong>, puede llamarnos a nuestra l\u00ednea sin cargo alguno al 1-800-336-3600.<\/p>\n<p>\u2020Favor de usar solamente su direcci\u00f3n de correo electr\u00f3nico personal. El uso de la direcci\u00f3n de correo electr\u00f3nico de alguna otra persona o la direcci\u00f3n proporcionada por su empleador puede considerarse como una renuncia a la confidencialidad.<\/p>","protected":false},"excerpt":{"rendered":"<p>If you are a hotel worker in need of legal assistance, please contact the National Right to Work Legal Defense Foundation right away.<\/p>\n","protected":false},"author":13,"featured_media":18030,"parent":0,"menu_order":0,"comment_status":"closed","ping_status":"closed","template":"page-full-width.php","meta":{"_lmt_disableupdate":"","_lmt_disable":"","footnotes":""},"class_list":["post-18029","page","type-page","status-publish","has-post-thumbnail","hentry"],"yoast_head":"<!-- This site is optimized with the Yoast SEO plugin v27.5 - https:\/\/yoast.com\/product\/yoast-seo-wordpress\/ -->\n<title>Hotel Workers: Know Your Legal Rights<\/title>\n<meta name=\"description\" content=\"If you are a hotel worker victimized by forced unionism and in need of legal help, contact the National Right to Work Foundation right away.\" \/>\n<meta name=\"robots\" content=\"index, follow, max-snippet:-1, max-image-preview:large, max-video-preview:-1\" \/>\n<link rel=\"canonical\" href=\"https:\/\/nrtw.org\/hotel\/\" \/>\n<meta property=\"og:locale\" content=\"es_ES\" \/>\n<meta property=\"og:type\" content=\"article\" \/>\n<meta property=\"og:title\" content=\"Hotel Workers: Know Your Legal Rights\" \/>\n<meta property=\"og:description\" content=\"If you are a hotel worker victimized by forced unionism and in need of legal help, contact the National Right to Work Foundation right away.\" \/>\n<meta property=\"og:url\" content=\"https:\/\/nrtw.org\/hotel\/\" \/>\n<meta property=\"og:site_name\" content=\"National Right to Work Foundation\" \/>\n<meta property=\"article:modified_time\" content=\"2025-05-13T20:56:05+00:00\" \/>\n<meta property=\"og:image\" content=\"https:\/\/nrtw.org\/wp-content\/uploads\/2025\/01\/Hotel-Workers-Rights-Free-Legal-Aid-1.jpg\" \/>\n\t<meta property=\"og:image:width\" content=\"1391\" \/>\n\t<meta property=\"og:image:height\" content=\"781\" \/>\n\t<meta property=\"og:image:type\" content=\"image\/jpeg\" \/>\n<meta name=\"twitter:card\" content=\"summary_large_image\" \/>\n<meta name=\"twitter:title\" content=\"Hotel Workers: Know Your Legal Rights\" \/>\n<meta name=\"twitter:description\" content=\"If you are a hotel worker victimized by forced unionism and in need of legal help, contact the National Right to Work Foundation right away.\" \/>\n<meta name=\"twitter:image\" content=\"https:\/\/nrtw.org\/wp-content\/uploads\/2025\/01\/Hotel-Workers-Rights-Free-Legal-Aid-1.jpg\" \/>\n<meta name=\"twitter:label1\" content=\"Tiempo de lectura\" \/>\n\t<meta name=\"twitter:data1\" content=\"3 minutos\" \/>\n<script type=\"application\/ld+json\" class=\"yoast-schema-graph\">{\"@context\":\"https:\\\/\\\/schema.org\",\"@graph\":[{\"@type\":\"WebPage\",\"@id\":\"https:\\\/\\\/nrtw.org\\\/hotel\\\/\",\"url\":\"https:\\\/\\\/nrtw.org\\\/hotel\\\/\",\"name\":\"Hotel Workers: Know Your Legal Rights\",\"isPartOf\":{\"@id\":\"https:\\\/\\\/nrtw.org\\\/#website\"},\"primaryImageOfPage\":{\"@id\":\"https:\\\/\\\/nrtw.org\\\/hotel\\\/#primaryimage\"},\"image\":{\"@id\":\"https:\\\/\\\/nrtw.org\\\/hotel\\\/#primaryimage\"},\"thumbnailUrl\":\"https:\\\/\\\/nrtw.org\\\/wp-content\\\/uploads\\\/2025\\\/01\\\/Hotel-Workers-Rights-Free-Legal-Aid-1.jpg\",\"datePublished\":\"2025-01-30T17:49:38+00:00\",\"dateModified\":\"2025-05-13T20:56:05+00:00\",\"description\":\"If you are a hotel worker victimized by forced unionism and in need of legal help, contact the National Right to Work Foundation right away.\",\"inLanguage\":\"es\",\"potentialAction\":[{\"@type\":\"ReadAction\",\"target\":[\"https:\\\/\\\/nrtw.org\\\/hotel\\\/\"]}]},{\"@type\":\"ImageObject\",\"inLanguage\":\"es\",\"@id\":\"https:\\\/\\\/nrtw.org\\\/hotel\\\/#primaryimage\",\"url\":\"https:\\\/\\\/nrtw.org\\\/wp-content\\\/uploads\\\/2025\\\/01\\\/Hotel-Workers-Rights-Free-Legal-Aid-1.jpg\",\"contentUrl\":\"https:\\\/\\\/nrtw.org\\\/wp-content\\\/uploads\\\/2025\\\/01\\\/Hotel-Workers-Rights-Free-Legal-Aid-1.jpg\",\"width\":1391,\"height\":781,\"caption\":\"Hotel Workers Rights Free Legal Aid\"},{\"@type\":\"WebSite\",\"@id\":\"https:\\\/\\\/nrtw.org\\\/#website\",\"url\":\"https:\\\/\\\/nrtw.org\\\/\",\"name\":\"National Right to Work Foundation\",\"description\":\"\",\"potentialAction\":[{\"@type\":\"SearchAction\",\"target\":{\"@type\":\"EntryPoint\",\"urlTemplate\":\"https:\\\/\\\/nrtw.org\\\/?s={search_term_string}\"},\"query-input\":{\"@type\":\"PropertyValueSpecification\",\"valueRequired\":true,\"valueName\":\"search_term_string\"}}],\"inLanguage\":\"es\"}]}<\/script>\n<!-- \/ Yoast SEO plugin. -->","yoast_head_json":{"title":"Hotel Workers: Know Your Legal Rights","description":"If you are a hotel worker victimized by forced unionism and in need of legal help, contact the National Right to Work Foundation right away.","robots":{"index":"index","follow":"follow","max-snippet":"max-snippet:-1","max-image-preview":"max-image-preview:large","max-video-preview":"max-video-preview:-1"},"canonical":"https:\/\/nrtw.org\/hotel\/","og_locale":"es_ES","og_type":"article","og_title":"Hotel Workers: Know Your Legal Rights","og_description":"If you are a hotel worker victimized by forced unionism and in need of legal help, contact the National Right to Work Foundation right away.","og_url":"https:\/\/nrtw.org\/hotel\/","og_site_name":"National Right to Work Foundation","article_modified_time":"2025-05-13T20:56:05+00:00","og_image":[{"width":1391,"height":781,"url":"https:\/\/nrtw.org\/wp-content\/uploads\/2025\/01\/Hotel-Workers-Rights-Free-Legal-Aid-1.jpg","type":"image\/jpeg"}],"twitter_card":"summary_large_image","twitter_title":"Hotel Workers: Know Your Legal Rights","twitter_description":"If you are a hotel worker victimized by forced unionism and in need of legal help, contact the National Right to Work Foundation right away.","twitter_image":"https:\/\/nrtw.org\/wp-content\/uploads\/2025\/01\/Hotel-Workers-Rights-Free-Legal-Aid-1.jpg","twitter_misc":{"Tiempo de lectura":"3 minutos"},"schema":{"@context":"https:\/\/schema.org","@graph":[{"@type":"WebPage","@id":"https:\/\/nrtw.org\/hotel\/","url":"https:\/\/nrtw.org\/hotel\/","name":"Hotel Workers: Know Your Legal Rights","isPartOf":{"@id":"https:\/\/nrtw.org\/#website"},"primaryImageOfPage":{"@id":"https:\/\/nrtw.org\/hotel\/#primaryimage"},"image":{"@id":"https:\/\/nrtw.org\/hotel\/#primaryimage"},"thumbnailUrl":"https:\/\/nrtw.org\/wp-content\/uploads\/2025\/01\/Hotel-Workers-Rights-Free-Legal-Aid-1.jpg","datePublished":"2025-01-30T17:49:38+00:00","dateModified":"2025-05-13T20:56:05+00:00","description":"If you are a hotel worker victimized by forced unionism and in need of legal help, contact the National Right to Work Foundation right away.","inLanguage":"es","potentialAction":[{"@type":"ReadAction","target":["https:\/\/nrtw.org\/hotel\/"]}]},{"@type":"ImageObject","inLanguage":"es","@id":"https:\/\/nrtw.org\/hotel\/#primaryimage","url":"https:\/\/nrtw.org\/wp-content\/uploads\/2025\/01\/Hotel-Workers-Rights-Free-Legal-Aid-1.jpg","contentUrl":"https:\/\/nrtw.org\/wp-content\/uploads\/2025\/01\/Hotel-Workers-Rights-Free-Legal-Aid-1.jpg","width":1391,"height":781,"caption":"Hotel Workers Rights Free Legal Aid"},{"@type":"WebSite","@id":"https:\/\/nrtw.org\/#website","url":"https:\/\/nrtw.org\/","name":"National Right to Work Foundation","description":"","potentialAction":[{"@type":"SearchAction","target":{"@type":"EntryPoint","urlTemplate":"https:\/\/nrtw.org\/?s={search_term_string}"},"query-input":{"@type":"PropertyValueSpecification","valueRequired":true,"valueName":"search_term_string"}}],"inLanguage":"es"}]}},"_links":{"self":[{"href":"https:\/\/nrtw.org\/es\/wp-json\/wp\/v2\/pages\/18029","targetHints":{"allow":["GET"]}}],"collection":[{"href":"https:\/\/nrtw.org\/es\/wp-json\/wp\/v2\/pages"}],"about":[{"href":"https:\/\/nrtw.org\/es\/wp-json\/wp\/v2\/types\/page"}],"author":[{"embeddable":true,"href":"https:\/\/nrtw.org\/es\/wp-json\/wp\/v2\/users\/13"}],"replies":[{"embeddable":true,"href":"https:\/\/nrtw.org\/es\/wp-json\/wp\/v2\/comments?post=18029"}],"version-history":[{"count":47,"href":"https:\/\/nrtw.org\/es\/wp-json\/wp\/v2\/pages\/18029\/revisions"}],"predecessor-version":[{"id":18454,"href":"https:\/\/nrtw.org\/es\/wp-json\/wp\/v2\/pages\/18029\/revisions\/18454"}],"wp:featuredmedia":[{"embeddable":true,"href":"https:\/\/nrtw.org\/es\/wp-json\/wp\/v2\/media\/18030"}],"wp:attachment":[{"href":"https:\/\/nrtw.org\/es\/wp-json\/wp\/v2\/media?parent=18029"}],"curies":[{"name":"wp","href":"https:\/\/api.w.org\/{rel}","templated":true}]}}