{"id":1773,"date":"2007-12-31T19:00:00","date_gmt":"2007-12-31T19:00:00","guid":{"rendered":""},"modified":"2019-01-24T16:34:08","modified_gmt":"2019-01-24T21:34:08","slug":"file-charges-public","status":"publish","type":"page","link":"https:\/\/nrtw.org\/es\/file-charges-public\/","title":{"rendered":"Si creo que mis derechos han sido violados por abusos del sindicalismo forzoso, \u00bfpuedo presentar mis propios cargos en contra del sindicato o empleador ante une agencia estatal?"},"content":{"rendered":"<p><a href=\"\/file-charges-public\">[In English]<\/a><br \/>\n<b>Pregunta:<\/b> <i>Si creo que mis derechos han sido violados por abusos del sindicalismo forzoso, \u00bfpuedo presentar mis propios cargos en contra del sindicato o del empleador ante una agencia estatal?<\/i>\n<\/p>\n<p>\n<b>Respuesta:<\/b> Si trabaja en el sector p\u00fablico y a nivel estatal o local (incluyendo la preparatoria o universidad), su derecho de poder presentar su propios cargos de pr\u00e1cticas injustas del trabajo con una agencia estatal dependen de la ley estatal.<i><\/i>\n<\/p>\n<p>\nTomar la decisi\u00f3n de presentar cargos en contra del sindicato o en contra de su empleador es una decisi\u00f3n personal que la Fundaci\u00f3n no recomienda ni se opone. Sin embargo, si usted decide presentar cargos ante una agencia estatal en contra del sindicato o en contra de su empleador, si\u00e9ntase con la libertad de comunicarse con la Fundaci\u00f3n para recibir asesor\u00eda jur\u00eddica gratis relacionada con qu\u00e9 procedimientos correctos usar y cu\u00e1les son las mejores circunstancias para presentar los cargos. La asesor\u00eda jur\u00eddica se limitar\u00e1 a casos acerca de abusos por el sindicalismo forzoso dentro de los prop\u00f3sitos de los estatutos de la Fundaci\u00f3n.\n<\/p>\n<blockquote><p>\n\tPara comunicarse con la Fundaci\u00f3n, puede: <\/p>\n<ul>\n<li><a href=\"mailto:legal@nrtw.org\">Mandarle un mensaje por correo electr\u00f3nico al departamento legal de la Fundaci\u00f3n<\/a>; <\/li>\n<li>Llenar nuestro <a href=\"\/es\/free-legal-aid\">formulario de contacto en l\u00ednea<\/a> para asesor\u00eda jur\u00eddica gratis;<\/li>\n<li>Llamar al n\u00famero sin cobrar de la Fundaci\u00f3n, <b>1-800-336-3600<\/b>.<\/li>\n<\/ul>\n<\/blockquote>\n<hr size=\"2\" width=\"100%\" \/>\nSi desea<b>enterarse m\u00e1s acerca de sus derechos legales<\/b> como empleado en el sector p\u00fablico, haga clic en la pregunta apropiada de las siguientes: <\/p>\n<ul>\n<li><a href=\"\/es\/required-join-pay-public\">\u00bfMe pueden obligar a hacerme miembro del sindicato o a pagarle cuotas?<\/a><\/li>\n<li><a href=\"\/es\/how-resign-public\">\u00bfC\u00f3mo puedo renunciar a mi membres\u00eda en el sindicato?<\/a><\/li>\n<li><a href=\"\/es\/object-nonbargaining-public\">\u00bfC\u00f3mo puedo evitar que se usen mis cuotas para actividades pol\u00edticas y<br \/>\n\t\totras no relacionadas con la negociaci\u00f3n?<\/a> <\/li>\n<li><a href=\"\/es\/religious-objection\">\u00bfQu\u00e9 pasa si tengo objeciones religiosas para unirme al sindicato o<br \/>\n\t\tpara apoyarlo econ\u00f3micamente?<\/a> <\/li>\n<li><a href=\"\/es\/victim-union-violence\">\u00bfQu\u00e9 hago si soy v\u00edctima de la violencia sindical?<\/a> <\/li>\n<li><a href=\"\/es\/work-during-strike-public\">\u00bfQu\u00e9 pasa si quiero trabajar mientras hay una huelga?<\/a>\n\t\t<\/li>\n<\/ul>\n<p><\/p>","protected":false},"excerpt":{"rendered":"<p>\n<b>Question:<\/b> <i>If I believe my rights have been violated by compulsory unionism abuses, can I file my own unfair labor practice charges against the union or the employer with a state agency?<\/i>\n<\/p>\n<p>\n<b>Answer:<\/b> <i>If you work in the public sector and at the state or local level (including high school or college) level, whether you can file your own unfair labor practice charges with a state agency depends on state law.<\/i>\n<\/p>\n<p>\nChoosing to file charges against the union or against your employer is a personal decision which the Foundation neither recommends nor opposes. However, if you do decide to file charges with a state agency against the union or against your employer, please feel free to contact the Foundation for free legal advice regarding the correct procedures to use and the best circumstances under which charges may be filed. Advice will be limited to cases involving abuses of compulsory unionism within the charter purposes of the Foundation.<\/p>\n","protected":false},"author":2,"featured_media":0,"parent":0,"menu_order":0,"comment_status":"open","ping_status":"open","template":"","meta":{"_lmt_disableupdate":"","_lmt_disable":"","footnotes":""},"class_list":["post-1773","page","type-page","status-publish","hentry"],"yoast_head":"<!-- This site is optimized with the Yoast SEO plugin v27.5 - https:\/\/yoast.com\/product\/yoast-seo-wordpress\/ -->\n<title>If I believe my rights have been violated by compulsory unionism abuses, can I file my own unfair labor practice charges against the union or the employer with a state agency? (Public Employee)Si creo que mis derechos han sido violados por abusos del sindicalismo forzoso, \u00bfpuedo presentar mis propios cargos en contra del sindicato o empleador ante une agencia estatal?  - National Right to Work Foundation<\/title>\n<meta name=\"robots\" content=\"index, follow, max-snippet:-1, max-image-preview:large, max-video-preview:-1\" \/>\n<link rel=\"canonical\" href=\"https:\/\/nrtw.org\/file-charges-public\/\" \/>\n<meta property=\"og:locale\" content=\"es_ES\" \/>\n<meta property=\"og:type\" content=\"article\" \/>\n<meta property=\"og:title\" content=\"If I believe my rights have been violated by compulsory unionism abuses, can I file my own unfair labor practice charges against the union or the employer with a state agency? (Public Employee)Si creo que mis derechos han sido violados por abusos del sindicalismo forzoso, \u00bfpuedo presentar mis propios cargos en contra del sindicato o empleador ante une agencia estatal?  - National Right to Work Foundation\" \/>\n<meta property=\"og:description\" content=\"Question: If I believe my rights have been violated by compulsory unionism abuses, can I file my own unfair labor practice charges against the union or the employer with a state agency?   Answer: If you work in the public sector and at the state or local level (including high school or college) level, whether you can file your own unfair labor practice charges with a state agency depends on state law.   Choosing to file charges against the union or against your employer is a personal decision which the Foundation neither recommends nor opposes. However, if you do decide to file charges with a state agency against the union or against your employer, please feel free to contact the Foundation for free legal advice regarding the correct procedures to use and the best circumstances under which charges may be filed. Advice will be limited to cases involving abuses of compulsory unionism within the charter purposes of the Foundation.  Question: If I believe my rights have been violated by compulsory unionism abuses, can I file my own unfair labor practice charges against the union or the employer with a state agency?   Answer: If you work in the public sector and at the state or local level (including high school or college) level, whether you can file your own unfair labor practice charges with a state agency depends on state law.   Choosing to file charges against the union or against your employer is a personal decision which the Foundation neither recommends nor opposes. However, if you do decide to file charges with a state agency against the union or against your employer, please feel free to contact the Foundation for free legal advice regarding the correct procedures to use and the best circumstances under which charges may be filed. Advice will be limited to cases involving abuses of compulsory unionism within the charter purposes of the Foundation.\" \/>\n<meta property=\"og:url\" content=\"https:\/\/nrtw.org\/file-charges-public\/\" \/>\n<meta property=\"og:site_name\" content=\"National Right to Work Foundation\" \/>\n<meta property=\"article:modified_time\" content=\"2019-01-24T21:34:08+00:00\" \/>\n<meta name=\"twitter:card\" content=\"summary_large_image\" \/>\n<meta name=\"twitter:label1\" content=\"Tiempo de lectura\" \/>\n\t<meta name=\"twitter:data1\" content=\"3 minutos\" \/>\n<script type=\"application\/ld+json\" class=\"yoast-schema-graph\">{\"@context\":\"https:\\\/\\\/schema.org\",\"@graph\":[{\"@type\":\"WebPage\",\"@id\":\"https:\\\/\\\/nrtw.org\\\/file-charges-public\\\/\",\"url\":\"https:\\\/\\\/nrtw.org\\\/file-charges-public\\\/\",\"name\":\"If I believe my rights have been violated by compulsory unionism abuses, can I file my own unfair labor practice charges against the union or the employer with a state agency? (Public Employee)Si creo que mis derechos han sido violados por abusos del sindicalismo forzoso, \u00bfpuedo presentar mis propios cargos en contra del sindicato o empleador ante une agencia estatal? - National Right to Work Foundation\",\"isPartOf\":{\"@id\":\"https:\\\/\\\/nrtw.org\\\/#website\"},\"datePublished\":\"2007-12-31T19:00:00+00:00\",\"dateModified\":\"2019-01-24T21:34:08+00:00\",\"inLanguage\":\"es\",\"potentialAction\":[{\"@type\":\"ReadAction\",\"target\":[\"https:\\\/\\\/nrtw.org\\\/file-charges-public\\\/\"]}]},{\"@type\":\"WebSite\",\"@id\":\"https:\\\/\\\/nrtw.org\\\/#website\",\"url\":\"https:\\\/\\\/nrtw.org\\\/\",\"name\":\"National Right to Work Foundation\",\"description\":\"\",\"potentialAction\":[{\"@type\":\"SearchAction\",\"target\":{\"@type\":\"EntryPoint\",\"urlTemplate\":\"https:\\\/\\\/nrtw.org\\\/?s={search_term_string}\"},\"query-input\":{\"@type\":\"PropertyValueSpecification\",\"valueRequired\":true,\"valueName\":\"search_term_string\"}}],\"inLanguage\":\"es\"}]}<\/script>\n<!-- \/ Yoast SEO plugin. -->","yoast_head_json":{"title":"If I believe my rights have been violated by compulsory unionism abuses, can I file my own unfair labor practice charges against the union or the employer with a state agency? (Public Employee)Si creo que mis derechos han sido violados por abusos del sindicalismo forzoso, \u00bfpuedo presentar mis propios cargos en contra del sindicato o empleador ante une agencia estatal?  - National Right to Work Foundation","robots":{"index":"index","follow":"follow","max-snippet":"max-snippet:-1","max-image-preview":"max-image-preview:large","max-video-preview":"max-video-preview:-1"},"canonical":"https:\/\/nrtw.org\/file-charges-public\/","og_locale":"es_ES","og_type":"article","og_title":"If I believe my rights have been violated by compulsory unionism abuses, can I file my own unfair labor practice charges against the union or the employer with a state agency? (Public Employee)Si creo que mis derechos han sido violados por abusos del sindicalismo forzoso, \u00bfpuedo presentar mis propios cargos en contra del sindicato o empleador ante une agencia estatal?  - National Right to Work Foundation","og_description":"Question: If I believe my rights have been violated by compulsory unionism abuses, can I file my own unfair labor practice charges against the union or the employer with a state agency?   Answer: If you work in the public sector and at the state or local level (including high school or college) level, whether you can file your own unfair labor practice charges with a state agency depends on state law.   Choosing to file charges against the union or against your employer is a personal decision which the Foundation neither recommends nor opposes. However, if you do decide to file charges with a state agency against the union or against your employer, please feel free to contact the Foundation for free legal advice regarding the correct procedures to use and the best circumstances under which charges may be filed. Advice will be limited to cases involving abuses of compulsory unionism within the charter purposes of the Foundation.  Question: If I believe my rights have been violated by compulsory unionism abuses, can I file my own unfair labor practice charges against the union or the employer with a state agency?   Answer: If you work in the public sector and at the state or local level (including high school or college) level, whether you can file your own unfair labor practice charges with a state agency depends on state law.   Choosing to file charges against the union or against your employer is a personal decision which the Foundation neither recommends nor opposes. However, if you do decide to file charges with a state agency against the union or against your employer, please feel free to contact the Foundation for free legal advice regarding the correct procedures to use and the best circumstances under which charges may be filed. Advice will be limited to cases involving abuses of compulsory unionism within the charter purposes of the Foundation.","og_url":"https:\/\/nrtw.org\/file-charges-public\/","og_site_name":"National Right to Work Foundation","article_modified_time":"2019-01-24T21:34:08+00:00","twitter_card":"summary_large_image","twitter_misc":{"Tiempo de lectura":"3 minutos"},"schema":{"@context":"https:\/\/schema.org","@graph":[{"@type":"WebPage","@id":"https:\/\/nrtw.org\/file-charges-public\/","url":"https:\/\/nrtw.org\/file-charges-public\/","name":"If I believe my rights have been violated by compulsory unionism abuses, can I file my own unfair labor practice charges against the union or the employer with a state agency? (Public Employee)Si creo que mis derechos han sido violados por abusos del sindicalismo forzoso, \u00bfpuedo presentar mis propios cargos en contra del sindicato o empleador ante une agencia estatal? - National Right to Work Foundation","isPartOf":{"@id":"https:\/\/nrtw.org\/#website"},"datePublished":"2007-12-31T19:00:00+00:00","dateModified":"2019-01-24T21:34:08+00:00","inLanguage":"es","potentialAction":[{"@type":"ReadAction","target":["https:\/\/nrtw.org\/file-charges-public\/"]}]},{"@type":"WebSite","@id":"https:\/\/nrtw.org\/#website","url":"https:\/\/nrtw.org\/","name":"National Right to Work Foundation","description":"","potentialAction":[{"@type":"SearchAction","target":{"@type":"EntryPoint","urlTemplate":"https:\/\/nrtw.org\/?s={search_term_string}"},"query-input":{"@type":"PropertyValueSpecification","valueRequired":true,"valueName":"search_term_string"}}],"inLanguage":"es"}]}},"_links":{"self":[{"href":"https:\/\/nrtw.org\/es\/wp-json\/wp\/v2\/pages\/1773","targetHints":{"allow":["GET"]}}],"collection":[{"href":"https:\/\/nrtw.org\/es\/wp-json\/wp\/v2\/pages"}],"about":[{"href":"https:\/\/nrtw.org\/es\/wp-json\/wp\/v2\/types\/page"}],"author":[{"embeddable":true,"href":"https:\/\/nrtw.org\/es\/wp-json\/wp\/v2\/users\/2"}],"replies":[{"embeddable":true,"href":"https:\/\/nrtw.org\/es\/wp-json\/wp\/v2\/comments?post=1773"}],"version-history":[{"count":20,"href":"https:\/\/nrtw.org\/es\/wp-json\/wp\/v2\/pages\/1773\/revisions"}],"predecessor-version":[{"id":10376,"href":"https:\/\/nrtw.org\/es\/wp-json\/wp\/v2\/pages\/1773\/revisions\/10376"}],"wp:attachment":[{"href":"https:\/\/nrtw.org\/es\/wp-json\/wp\/v2\/media?parent=1773"}],"curies":[{"name":"wp","href":"https:\/\/api.w.org\/{rel}","templated":true}]}}