{"id":1771,"date":"2007-12-31T19:00:00","date_gmt":"2007-12-31T19:00:00","guid":{"rendered":""},"modified":"2023-11-17T13:58:38","modified_gmt":"2023-11-17T18:58:38","slug":"work-during-strike-public","status":"publish","type":"page","link":"https:\/\/nrtw.org\/es\/work-during-strike-public\/","title":{"rendered":"\u00bfQu\u00e9 pasa si quiero trabajar mientras hay una huelga? (Empleado P\u00fablico)"},"content":{"rendered":"<p><a href=\"\/work-during-strike-public\">[In English]<\/a><\/p>\n<p>\n<b>Pregunta: <\/b><i>  \u00bfQu\u00e9 pasa si quiero trabajar durante una huelga?<\/i><\/li>\n<\/p>\n<p>\n<b>Respuesta:<\/b> <i>En muchos estados es ilegal que los empleados p\u00fablicos hagan huelga. Si esto aplica a su estado, entonces es posible que tenga que trabajar durante una huelga para evitar posibles sanciones por violar la ley.<\/i>\n<\/p>\n<p>\nSi quiere trabajar durante una huelga tiene que estar seguro de que no es miembro del sindicato si quiere evitar que le aplique medidas disciplinarias. Muchos tribunales han sostenido que los sindicatos tienen el poder de disciplinar a sus miembros. Esta disciplina puede incluir el imponerle una multa cuantiosa y luego demandarlo en los tribunales para obligarlo a pagar la multa. Si desea evitar consecuencias como esas, no puede seguir siendo miembro del sindicato y cruzar la l\u00ednea de piquete. Sin embargo, si la huelga es ilegal, es probable que los tribunales dictaminen que el sindicato no puede legalmente multar a los miembros que obedecen la ley y trabajan.\n<\/p>\n<p>\n<i><br \/>\nA continuaci\u00f3n se encuentra una serie de preguntas y respuestas acerca de las huelgas que aplican a casi todos los empleados en el sector p\u00fablico.<\/i>\n<\/p>\n<p>\n<b> \u00bfDeber\u00eda trabajar durante una huelga? <\/b>Esa es una decisi\u00f3n personal y no le incumbe a la Fundaci\u00f3n. La ley de su estado determina si usted tiene o no el derecho de hacer huelga. Si un empleador contin\u00faa operando durante la huelga, usted necesita decidir qu\u00e9 es lo que quiere hacer bas\u00e1ndose en sus propias necesidades y en la ley. No deje que nadie lo fuerce hacia un lado u otro.\n<\/p>\n<p>\n<b> \u00bfPuede el sindicato imponerle una multa si trabaja durante la huelga?<\/b> Probablemente, si los empleados p\u00fablicos en su estado pueden hacer huelga legalmente, y usted no renuncia a su membres\u00eda antes de regresar al trabajo. Como miembro del sindicato, est\u00e1 sujeto al acta constitutiva y a los estatutos del sindicato, los cuales en la mayor\u00eda de los sindicatos estipulan que se les puede multar a los miembros que trabajen durante una huelga convocada legalmente. Sin embargo, es probable que los tribunales no hagan cumplir el acta constitutiva y los estatutos del sindicato si las huelgas de los empleados p\u00fablicos son ilegales en su estado.\n<\/p>\n<p>\n<b> \u00bfDeber\u00eda renunciar a su membres\u00eda si trabaja durante la huelga?<\/b> S\u00ed, si las huelgas de los empleados p\u00fablicos son legales en su estado. Los no miembros no est\u00e1n sujetos al acta constitutiva y a los estatutos del sindicato y no pueden ser multados o de alguna otra manera disciplinados por trabajar durante una huelga. Si a\u00fan no cruza la l\u00ednea de piquete y desea evitar que lo multen, no la cruce sino hasta despu\u00e9s de que el sindicato reciba su renuncia. Una vez que el sindicato tenga conocimiento de su renuncia, no puede imponerle legalmente ning\u00fan tipo de medida disciplinaria por cualquier cosa que haga despu\u00e9s de haber renunciado. Esto no significa que alguien no tratar\u00eda de formular cargos internos sindicales por conducta posterior a la renuncia.  Significa que si el sindicato trata de multarlo, no tendr\u00e1 \u00e9xito.  Si las huelgas de empleados p\u00fablicos son ilegales en su estado, probablemente no tiene que renunciar para evitar ser multado por el sindicato por trabajar, pero una renuncia asegurar\u00eda que usted no pueda ser multado legalmente.\n<\/p>\n<p>\n<b> \u00bfPuede el acta constitutiva del sindicato prohibirle renunciar durante la huelga?<\/b>  No. Decisiones del Tribunal Supremo en <i>Abood v. Detroit Board of Education<\/i>, 431 U.S. 209 (1977), y <a href=\"https:\/\/supreme.justia.com\/cases\/federal\/us\/585\/16-1466\/\"><i>Janus v. AFSCME<\/i>, 138 S. Ct. 2448 (2018)<\/a>, demandas apoyadas por la Fundaci\u00f3n, aclaran que  constitucionalmente no se le puede impedir a usted renunciar a su sindicato en cualquier momento. Algunos estados, pero no todos, tambi\u00e9n tienen estatutos que les garantizan a los empleados p\u00fablicos el derecho a renunciar.\n<\/p>\n<p>\n<b>\u00bfQu\u00e9 tal el convenio de negociaci\u00f3n colectiva? \u00bfMe obliga ser miembro para conservar mi trabajo? <\/b>No. Seg\u00fan a <i>Janus<\/i>, tal obligaci\u00f3n es inconstitucional.\n<\/p>\n<p>\n<b>Si trabaj\u00f3 durante la huelga <i>antes <\/i>de renunciar, \u00bflo protege una renuncia de todas las multas?<\/b> No, en donde las huelgas de empleados p\u00fablicos son legales. En esos estados, el sindicato puede multar a un no miembro por su conducta <i>anterior<\/i> a su renuncia, pero no por nada hecho despu\u00e9s de haber recibido su renuncia. Las multas est\u00e1n basadas usualmente en el n\u00famero de d\u00edas que el miembro trabaja durante la huelga. Por lo general, los tribunales sostienen que una multa no puede ser excesiva. Lo que se considera excesivo est\u00e1 abierto a la interpretaci\u00f3n, pero tendr\u00eda un buen argumento de que las multas son excesivas si exceden la cantidad ganada durante el periodo anterior a haber renunciado. Si las huelgas de los empleados p\u00fablicos son ilegales en su estado, es probable que no pueda ser multado legalmente por trabajar, aun antes de renunciar.\n<\/p>\n<p>\n<b> \u00bfQu\u00e9 derechos perder\u00e1 si renuncia?<\/b> No perder\u00e1 ning\u00fan derecho seg\u00fan el convenio de negociaci\u00f3n colectiva, como por ejemplo, su antig\u00fcedad. El sindicato tiene que representarlo de manera justa en los tr\u00e1mites de negociaci\u00f3n y agravios, sea miembro o no. Perder\u00e1 cualquier derecho bajo el acta constitutiva del sindicato que est\u00e9 \u00fanicamente disponible a los miembros, tal como el de votar en elecciones, y podr\u00eda perder el derecho de votar en la ratificaci\u00f3n del convenio de negociaci\u00f3n colectiva. Tambi\u00e9n podr\u00eda perder el derecho de continuar participando en cualquier plan de pensi\u00f3n del sindicato que est\u00e9 basado en la membres\u00eda en el sindicato y no en su servicio a su empleador como una prestaci\u00f3n de empleado.\n<\/p>\n<p>\n<b> \u00bfSi renuncia, puede volver a unirse al sindicato despu\u00e9s de que se termine la huelga?<\/b> Esto depende del sindicato y su acta constitutiva y estatutos. La ley no le exige al sindicato que le permita hacerse miembro otra vez. Muchas veces, los sindicatos se reh\u00fasan a permitirle a los llamados rompehuelgas a hacerse miembros otra vez. Sabemos de situaciones en donde los sindicatos le han requerido a los rompehuelgas que paguen multas altas para volver a ser miembros. Usted deber\u00eda suponer que si renuncia y cruza la l\u00ednea de piquete, no se le permitir\u00e1 volver a hacerse miembro del sindicato. Sin embargo, si no se vuelve a hacer miembro, el sindicato a\u00fan tiene que seguir represent\u00e1ndolo en forma justa en la negociaci\u00f3n colectiva y en la administraci\u00f3n del contrato, y tendr\u00e1 los mismos derechos que los miembros de acuerdo con el convenio de negociaci\u00f3n colectiva.\n<\/p>\n<p>\n<b> \u00bfC\u00f3mo renuncia usted?<\/b> <a href=\"\/es\/sample-resignation-public\">Haga clic aqu\u00ed<\/a> si desea ver una muestra de una carta de renuncia en el sindicato. Es posible que en alg\u00fan momento tenga que comprobar que su carta de renuncia fue recibida, as\u00ed que deber\u00eda enviarla ya sea por fax y conservar la confirmaci\u00f3n de recibo de la m\u00e1quina de fax, o por correo certificado con acuse de recibo, o presentarla en persona a un funcionario del sindicato con un testigo amigable presente.\n<\/p>\n<p>\n<b> \u00bfQu\u00e9 reglas aplican si el sindicato trata de multarlo?<\/b> Bajo las normas jur\u00eddicas que aplican por lo general a los procedimientos disciplinarios del sindicato, no se le puede multar o de alguna otra manera aplicarle medidas disciplinarias salvo que se le hayan presentado cargos espec\u00edficos por escrito, se le haya dado tiempo razonable para preparar su defensa y se le haya concedido una audiencia justa y completa. Dentro de estas limitaciones, las reglas relacionadas a medidas disciplinarias las determinan el acta constitutiva y los estatutos de cada sindicato.\n<\/p>\n<p>\n<b> \u00bfQu\u00e9 deber\u00eda hacer si el sindicato le presenta cargos espec\u00edficos, si usted renunci\u00f3 antes de regresar al trabajo? <\/b> Si tiene pruebas claras de que renunci\u00f3 antes de regresar al trabajo, ponga esta prueba inmediatamente a disposici\u00f3n del sindicato y p\u00eddale que retire los cargos antes de la audiencia. Si el sindicato insiste bajo esas circunstancias, violar\u00e1 la ley y usted deber\u00eda notificar a la Fundaci\u00f3n inmediatamente para recibir asesor\u00eda sobre c\u00f3mo seguir adelante.\n<\/p>\n<p>\n<b> \u00bfQu\u00e9 deber\u00eda hacer si el sindicato le ha presentado cargos espec\u00edficos y usted <i>no<\/i> renunci\u00f3 antes de regresar al trabajo? <\/b>Si regres\u00f3 al trabajo durante la huelga antes de renunciar, o trabaj\u00f3 y nunca renunci\u00f3, deber\u00eda asistir a cualquier audiencia programada por el sindicato y presentar cualquier defensa que tenga. Deber\u00eda agotar todas las apelaciones que podr\u00edan estar disponibles bajo el acta constitutiva y los estatutos del sindicato. Las posibles defensas son que las multas propuestas son excesivas o que a usted se le dijo que no pod\u00eda renunciar durante la huelga. Si las huelgas de los empleados p\u00fablicos son ilegales en su estado, deber\u00eda usar eso como su defensa. Deber\u00eda consultar a un abogado con experiencia para determinar cu\u00e1les defensas podr\u00eda tener.\n<\/p>\n<p>\n<b> \u00bfC\u00f3mo puede el sindicato cobrar las multas si lo encuentra culpable de trabajar durante la huelga mientras a\u00fan era miembro?<\/b> El sindicato no puede hacer que lo despidan si se reh\u00fasa a pagar las multas. El \u00fanico recurso disponible al sindicato es entablar una demanda por la cantidad de la multa en el tribunal estatal, lo cual puede hacer legalmente si las huelgas de los empleados p\u00fablicos son legales en su estado. Ante tal demanda usted tendr\u00eda el derecho de presentar cualquier defensa que present\u00f3 durante los procedimientos internos del sindicato, siempre y cuando haya agotado las apelaciones internas del sindicato.\n<\/p>\n<p>\n<b> \u00bfQu\u00e9 deber\u00eda hacer para protegerse del hostigamiento y la violencia?<\/b> No importa lo que decida en cuanto a renunciar y trabajar durante la huelga, deber\u00eda pasar tan desapercibido como pueda y tratar de mantener una relaci\u00f3n cordial con sus compa\u00f1eros en los dos lados de la l\u00ednea de piquete. \u00a1Evite a los fan\u00e1ticos! Si regresa a trabajar, mant\u00e9ngase en comunicaci\u00f3n con los dem\u00e1s empleados que est\u00e1n trabajando durante la huelga, ap\u00f3yense mutuamente y compartan informaci\u00f3n. Tambi\u00e9n, si trabaja durante una huelga, deber\u00eda obtener un n\u00famero telef\u00f3nico no publicado, mantener un diario con todas las amenazas e incidentes de hostigamiento y violencia relacionados con la huelga (qui\u00e9n, d\u00f3nde, qu\u00e9, cu\u00e1ndo, nombres de los testigos, etc.) y tomar fotos de su propiedad privada, como su casa y carro, para que pueda documentar cualquier da\u00f1o en caso de que se convierta en v\u00edctima de la violencia sindical. Si empieza a recibir llamadas telef\u00f3nicas de acoso, deber\u00eda pensar en instalar un identificador de llamadas para su tel\u00e9fono en casa. Deber\u00eda informar a su empleador todas las amenazas e incidencias de acoso o violencia y, si hay amenazas o violencia real, informe a la polic\u00eda. Si es v\u00edctima de amenazas de violencia o de violencia en si, notifique a la Fundaci\u00f3n si desea obtener ayuda.\n<\/p>\n<p>\nSi es v\u00edctima de la violencia sindical y quiere solicitar ayuda de los abogados de la Fundaci\u00f3n, <a href=\"\/es\/free-legal-aid\">llene este formulario<\/a>.\n<\/p>\n<hr size=\"2\" width=\"100%\" \/>\n<p class=\"MsoNormal\">\nSi desea <b>enterarse m\u00e1s acerca de sus derechos legales<\/b> como empleado del gobierno estatal o local, haga clic en la pregunta adecuada de las siguientes:\n<\/p>\n<ul>\n<li><a href=\"\/es\/required-join-pay-public\">\u00bfMe pueden obligar a hacerme miembro del sindicato o a pagarle cuotas?<\/a><\/li>\n<li><a href=\"\/es\/how-resign-public\">\u00bfC\u00f3mo puedo renunciar a mi membres\u00eda en una uni\u00f3n y dejar de pagar cuotas sindicales? (Empleado p\u00fablico)<\/a><\/li>\n<li><a href=\"\/es\/object-nonbargaining-public\">\u00bfC\u00f3mo puedo evitar que se usen mis cuotas para actividades pol\u00edticas y otras no relacionadas con la negociaci\u00f3n?<\/a> <\/li>\n<li><a href=\"\/es\/nonmember-stop-fees-deductions-public\">No soy miembro de la uni\u00f3n pero autoric\u00e9 el descuento de cuotas sindicales. \u00bfC\u00f3mo puedo detener las deducciones?<\/a><\/li>\n<li><a href=\"\/es\/religious-objection\">\u00bfQu\u00e9 pasa si tengo objeciones religiosas para unirme al sindicato o<br \/>\n\t\tpara apoyarlo econ\u00f3micamente?<\/a> <\/li>\n<li><a href=\"\/es\/victim-union-violence\">\u00bfQu\u00e9 hago si soy v\u00edctima de la violencia sindical?<\/a> <\/li>\n<li>\u00bfQu\u00e9 pasa si quiero trabajar mientras hay una huelga?<\/li>\n<\/ul>\n<p> <\/p>","protected":false},"excerpt":{"rendered":"<p>\n<b>Q<\/b><b>uestion: <\/b><i> What if I want to work during a strike?<\/i>\n<\/p>\n<p>\n<b>A<\/b><b>nswer:<\/b> <i>In many states, strikes by public employees are illegal. If that is true in your state, then you may have to work during a strike to avoid possible penalties for violating the law.<\/i>\n<\/p>\n<p>\nIf you want to work during a legal strike, you must be certain that you are not a union member if you wish to avoid union discipline. Many courts have held that unions have the power to discipline their members. This discipline can include imposing a significant fine upon and then suing you to enforce the payment of the fine. If you wish to avoid consequences like that, you cannot remain a member of the union and cross the picket line. If the strike is illegal, however, it is likely that the courts would rule that the union cannot lawfully fine members who obey the law and work.<\/p>\n","protected":false},"author":2,"featured_media":16568,"parent":0,"menu_order":0,"comment_status":"open","ping_status":"open","template":"","meta":{"_lmt_disableupdate":"","_lmt_disable":"","footnotes":""},"class_list":["post-1771","page","type-page","status-publish","has-post-thumbnail","hentry"],"yoast_head":"<!-- This site is optimized with the Yoast SEO plugin v27.5 - https:\/\/yoast.com\/product\/yoast-seo-wordpress\/ -->\n<title>\u00bfQu\u00e9 pasa si quiero trabajar mientras hay una huelga? (Empleado P\u00fablico) - National Right to Work Foundation<\/title>\n<meta name=\"robots\" content=\"index, follow, max-snippet:-1, max-image-preview:large, max-video-preview:-1\" \/>\n<link rel=\"canonical\" href=\"https:\/\/nrtw.org\/work-during-strike-public\/\" \/>\n<meta property=\"og:locale\" content=\"es_ES\" \/>\n<meta property=\"og:type\" content=\"article\" \/>\n<meta property=\"og:title\" content=\"What if I want to work during a strike? (Public Employee)\" \/>\n<meta property=\"og:description\" content=\"Question: What if I want to work during a strike?   Answer: In many states, strikes by public employees are illegal. If that is true in your state, then you may have to work during a strike to avoid possible penalties for violating the law.   If you want to work during a legal strike, you must be certain that you are not a union member if you wish to avoid union discipline. Many courts have held that unions have the power to discipline their members. This discipline can include imposing a significant fine upon and then suing you to enforce the payment of the fine. If you wish to avoid consequences like that, you cannot remain a member of the union and cross the picket line. If the strike is illegal, however, it is likely that the courts would rule that the union cannot lawfully fine members who obey the law and work.\" \/>\n<meta property=\"og:url\" content=\"https:\/\/nrtw.org\/work-during-strike-public\/\" \/>\n<meta property=\"og:site_name\" content=\"National Right to Work Foundation\" \/>\n<meta property=\"article:modified_time\" content=\"2023-11-17T18:58:38+00:00\" \/>\n<meta property=\"og:image\" content=\"https:\/\/nrtw.org\/wp-content\/uploads\/2023\/11\/qtq80-ZGk8jP.jpeg\" \/>\n\t<meta property=\"og:image:width\" content=\"2160\" \/>\n\t<meta property=\"og:image:height\" content=\"1440\" \/>\n\t<meta property=\"og:image:type\" content=\"image\/jpeg\" \/>\n<meta name=\"twitter:card\" content=\"summary_large_image\" \/>\n<meta name=\"twitter:title\" content=\"What if I want to work during a strike? (Public Employee)\" \/>\n<meta name=\"twitter:image\" content=\"https:\/\/nrtw.org\/wp-content\/uploads\/2023\/11\/qtq80-ZGk8jP.jpeg\" \/>\n<meta name=\"twitter:label1\" content=\"Tiempo de lectura\" \/>\n\t<meta name=\"twitter:data1\" content=\"8 minutos\" \/>\n<script type=\"application\/ld+json\" class=\"yoast-schema-graph\">{\"@context\":\"https:\\\/\\\/schema.org\",\"@graph\":[{\"@type\":\"WebPage\",\"@id\":\"https:\\\/\\\/nrtw.org\\\/work-during-strike-public\\\/\",\"url\":\"https:\\\/\\\/nrtw.org\\\/work-during-strike-public\\\/\",\"name\":\"[:en]What if I want to work during a strike? (Public Employee)[:es]\u00bfQu\u00e9 pasa si quiero trabajar mientras hay una huelga? (Empleado P\u00fablico)[:] - National Right to Work Foundation\",\"isPartOf\":{\"@id\":\"https:\\\/\\\/nrtw.org\\\/#website\"},\"primaryImageOfPage\":{\"@id\":\"https:\\\/\\\/nrtw.org\\\/work-during-strike-public\\\/#primaryimage\"},\"image\":{\"@id\":\"https:\\\/\\\/nrtw.org\\\/work-during-strike-public\\\/#primaryimage\"},\"thumbnailUrl\":\"https:\\\/\\\/nrtw.org\\\/wp-content\\\/uploads\\\/2023\\\/11\\\/qtq80-ZGk8jP.jpeg\",\"datePublished\":\"2007-12-31T19:00:00+00:00\",\"dateModified\":\"2023-11-17T18:58:38+00:00\",\"inLanguage\":\"es\",\"potentialAction\":[{\"@type\":\"ReadAction\",\"target\":[\"https:\\\/\\\/nrtw.org\\\/work-during-strike-public\\\/\"]}]},{\"@type\":\"ImageObject\",\"inLanguage\":\"es\",\"@id\":\"https:\\\/\\\/nrtw.org\\\/work-during-strike-public\\\/#primaryimage\",\"url\":\"https:\\\/\\\/nrtw.org\\\/wp-content\\\/uploads\\\/2023\\\/11\\\/qtq80-ZGk8jP.jpeg\",\"contentUrl\":\"https:\\\/\\\/nrtw.org\\\/wp-content\\\/uploads\\\/2023\\\/11\\\/qtq80-ZGk8jP.jpeg\",\"width\":2160,\"height\":1440},{\"@type\":\"WebSite\",\"@id\":\"https:\\\/\\\/nrtw.org\\\/#website\",\"url\":\"https:\\\/\\\/nrtw.org\\\/\",\"name\":\"National Right to Work Foundation\",\"description\":\"\",\"potentialAction\":[{\"@type\":\"SearchAction\",\"target\":{\"@type\":\"EntryPoint\",\"urlTemplate\":\"https:\\\/\\\/nrtw.org\\\/?s={search_term_string}\"},\"query-input\":{\"@type\":\"PropertyValueSpecification\",\"valueRequired\":true,\"valueName\":\"search_term_string\"}}],\"inLanguage\":\"es\"}]}<\/script>\n<!-- \/ Yoast SEO plugin. -->","yoast_head_json":{"title":"[:en]What if I want to work during a strike? (Public Employee)[:es]\u00bfQu\u00e9 pasa si quiero trabajar mientras hay una huelga? (Empleado P\u00fablico)[:] - National Right to Work Foundation","robots":{"index":"index","follow":"follow","max-snippet":"max-snippet:-1","max-image-preview":"max-image-preview:large","max-video-preview":"max-video-preview:-1"},"canonical":"https:\/\/nrtw.org\/work-during-strike-public\/","og_locale":"es_ES","og_type":"article","og_title":"What if I want to work during a strike? (Public Employee)","og_description":"Question: What if I want to work during a strike?   Answer: In many states, strikes by public employees are illegal. If that is true in your state, then you may have to work during a strike to avoid possible penalties for violating the law.   If you want to work during a legal strike, you must be certain that you are not a union member if you wish to avoid union discipline. Many courts have held that unions have the power to discipline their members. This discipline can include imposing a significant fine upon and then suing you to enforce the payment of the fine. If you wish to avoid consequences like that, you cannot remain a member of the union and cross the picket line. If the strike is illegal, however, it is likely that the courts would rule that the union cannot lawfully fine members who obey the law and work.","og_url":"https:\/\/nrtw.org\/work-during-strike-public\/","og_site_name":"National Right to Work Foundation","article_modified_time":"2023-11-17T18:58:38+00:00","og_image":[{"width":2160,"height":1440,"url":"https:\/\/nrtw.org\/wp-content\/uploads\/2023\/11\/qtq80-ZGk8jP.jpeg","type":"image\/jpeg"}],"twitter_card":"summary_large_image","twitter_title":"What if I want to work during a strike? (Public Employee)","twitter_image":"https:\/\/nrtw.org\/wp-content\/uploads\/2023\/11\/qtq80-ZGk8jP.jpeg","twitter_misc":{"Tiempo de lectura":"8 minutos"},"schema":{"@context":"https:\/\/schema.org","@graph":[{"@type":"WebPage","@id":"https:\/\/nrtw.org\/work-during-strike-public\/","url":"https:\/\/nrtw.org\/work-during-strike-public\/","name":"[:en]What if I want to work during a strike? (Public Employee)[:es]\u00bfQu\u00e9 pasa si quiero trabajar mientras hay una huelga? (Empleado P\u00fablico)[:] - National Right to Work Foundation","isPartOf":{"@id":"https:\/\/nrtw.org\/#website"},"primaryImageOfPage":{"@id":"https:\/\/nrtw.org\/work-during-strike-public\/#primaryimage"},"image":{"@id":"https:\/\/nrtw.org\/work-during-strike-public\/#primaryimage"},"thumbnailUrl":"https:\/\/nrtw.org\/wp-content\/uploads\/2023\/11\/qtq80-ZGk8jP.jpeg","datePublished":"2007-12-31T19:00:00+00:00","dateModified":"2023-11-17T18:58:38+00:00","inLanguage":"es","potentialAction":[{"@type":"ReadAction","target":["https:\/\/nrtw.org\/work-during-strike-public\/"]}]},{"@type":"ImageObject","inLanguage":"es","@id":"https:\/\/nrtw.org\/work-during-strike-public\/#primaryimage","url":"https:\/\/nrtw.org\/wp-content\/uploads\/2023\/11\/qtq80-ZGk8jP.jpeg","contentUrl":"https:\/\/nrtw.org\/wp-content\/uploads\/2023\/11\/qtq80-ZGk8jP.jpeg","width":2160,"height":1440},{"@type":"WebSite","@id":"https:\/\/nrtw.org\/#website","url":"https:\/\/nrtw.org\/","name":"National Right to Work Foundation","description":"","potentialAction":[{"@type":"SearchAction","target":{"@type":"EntryPoint","urlTemplate":"https:\/\/nrtw.org\/?s={search_term_string}"},"query-input":{"@type":"PropertyValueSpecification","valueRequired":true,"valueName":"search_term_string"}}],"inLanguage":"es"}]}},"_links":{"self":[{"href":"https:\/\/nrtw.org\/es\/wp-json\/wp\/v2\/pages\/1771","targetHints":{"allow":["GET"]}}],"collection":[{"href":"https:\/\/nrtw.org\/es\/wp-json\/wp\/v2\/pages"}],"about":[{"href":"https:\/\/nrtw.org\/es\/wp-json\/wp\/v2\/types\/page"}],"author":[{"embeddable":true,"href":"https:\/\/nrtw.org\/es\/wp-json\/wp\/v2\/users\/2"}],"replies":[{"embeddable":true,"href":"https:\/\/nrtw.org\/es\/wp-json\/wp\/v2\/comments?post=1771"}],"version-history":[{"count":25,"href":"https:\/\/nrtw.org\/es\/wp-json\/wp\/v2\/pages\/1771\/revisions"}],"predecessor-version":[{"id":16577,"href":"https:\/\/nrtw.org\/es\/wp-json\/wp\/v2\/pages\/1771\/revisions\/16577"}],"wp:featuredmedia":[{"embeddable":true,"href":"https:\/\/nrtw.org\/es\/wp-json\/wp\/v2\/media\/16568"}],"wp:attachment":[{"href":"https:\/\/nrtw.org\/es\/wp-json\/wp\/v2\/media?parent=1771"}],"curies":[{"name":"wp","href":"https:\/\/api.w.org\/{rel}","templated":true}]}}