{"id":1180,"date":"2016-11-08T10:53:35","date_gmt":"2016-11-08T10:53:35","guid":{"rendered":""},"modified":"2016-11-08T16:33:12","modified_gmt":"2016-11-08T16:33:12","slug":"your-rights-railway","status":"publish","type":"page","link":"https:\/\/nrtw.org\/es\/your-rights-railway\/","title":{"rendered":"Acerca de sus derechos legales: empleados de aerol\u00edneas o ferrocarriles"},"content":{"rendered":"<p><a href=\"\/your-rights-railway\">[In English]<\/a><\/p>\n<p>\nLa Fundaci\u00f3n Nacional de Defensa Legal para el Derecho al Trabajo defiende a los trabajadores en los Estados Unidos de los abusos del sindicalismo forzoso. Para aprender acerca de sus derechos como empleado de aerol\u00edneas o ferrocarriles, haga clic sobre cualquiera de las siguientes preguntas:\n<\/p>\n<div class=\"contentgroup\">\n<h3>Preguntas y respuestas<\/h3>\n<ul>\n<li><a href=\"\/es\/required-join-pay-railway\">\u00bfMe pueden obligar a hacerme miembro de un sindicato o a pagarle cuotas?<\/a><\/li>\n<li><a href=\"\/es\/how-resign-railway\">\u00bfC\u00f3mo puedo renunciar a mi membres\u00eda en un sindicato?<\/a><\/li>\n<li><a href=\"\/es\/object-nonbargaining-railway\">\u00bfC\u00f3mo puedo evitar que se usen mis cuotas para actividades pol\u00edticas u otras no relacionadas con la negociaci\u00f3n?<\/a><\/li>\n<li><a href=\"\/es\/decertification-under-the-railway-labor-act\">\u00bfC\u00f3mo puedo dejar de pagar todas las cuotas sindicales?<\/a><\/li>\n<li><a href=\"\/es\/religious-objection\">\u00bfQu\u00e9 pasa si tengo objeciones religiosas para unirme a un sindicato o para apoyarlo econ\u00f3micamente?<\/a><\/li>\n<li><a href=\"\/es\/victim-union-violence\">\u00bfQu\u00e9 hago si soy victima de violencia sindical?<\/a><\/li>\n<li><a href=\"\/es\/work-during-strike-railway\">\u00bfQu\u00e9 pasa si quiero trabajar mientras hay una huelga?<\/a><\/li>\n<\/ul>\n<\/div>\n<div class=\"contentgroup\">\n<h3>Documentos informativos acerca de los temas<\/h3>\n<ul>\n<li><a href=\"\/es\/union-discipline-and-employee-rights\">\u00bfPueden los dirigentes sindicales castigarlo? &#8211; La disciplina sindical y los derechos del empleado<\/a><\/li>\n<li><a href=\"\/es\/decertification-under-the-railway-labor-act\">La decertificaci\u00f3n bajo la Ley de Trabajo en Ferrocarriles (Railway Labor Act en ingl\u00e9s)<\/a><\/li>\n<li><a href=\"\/es\/religious-objection-guide-1\">Gu\u00eda para empleados sobre cuotas sindicales y lo que no se debe hacer en cuanto a las creencias religiosas<\/a><\/li>\n<li><a href=\"\/es\/illegal-pac-funding\">\u00bfEst\u00e1 usted financiando al comit\u00e9 de acci\u00f3n pol\u00edtica (PAC por sus siglas en ingl\u00e9s) federal de su sindicato sin saberlo o en contra de su voluntad?<\/a><\/li>\n<li><a href=\"\/es\/top-ten\">Los diez privilegios principales de los sindicatos m\u00e1s grandes (&quot;Big Labor&quot; en ingl\u00e9s)<\/a><\/li>\n<\/ul>\n<p><\/p>","protected":false},"excerpt":{"rendered":"<p>\nThe National Right to Work Legal Defense Foundation defends America&#8217;s workers against the abuses of compulsory unionism. To learn your rights as a railway or airline employee, click on any of the following questions:<\/p>\n","protected":false},"author":2,"featured_media":0,"parent":0,"menu_order":0,"comment_status":"closed","ping_status":"open","template":"","meta":{"_lmt_disableupdate":"","_lmt_disable":"","footnotes":""},"class_list":["post-1180","page","type-page","status-publish","hentry"],"yoast_head":"<!-- This site is optimized with the Yoast SEO plugin v27.5 - https:\/\/yoast.com\/product\/yoast-seo-wordpress\/ -->\n<title>About Your Legal Rights: Railway or Airline EmployeeAcerca de sus derechos legales: empleados de aerol\u00edneas o ferrocarriles  - National Right to Work Foundation<\/title>\n<meta name=\"robots\" content=\"index, follow, max-snippet:-1, max-image-preview:large, max-video-preview:-1\" \/>\n<link rel=\"canonical\" href=\"https:\/\/nrtw.org\/your-rights-railway\/\" \/>\n<meta property=\"og:locale\" content=\"es_ES\" \/>\n<meta property=\"og:type\" content=\"article\" \/>\n<meta property=\"og:title\" content=\"About Your Legal Rights: Railway or Airline EmployeeAcerca de sus derechos legales: empleados de aerol\u00edneas o ferrocarriles  - National Right to Work Foundation\" \/>\n<meta property=\"og:description\" content=\"The National Right to Work Legal Defense Foundation defends America&#039;s workers against the abuses of compulsory unionism. To learn your rights as a railway or airline employee, click on any of the following questions:  The National Right to Work Legal Defense Foundation defends America&#039;s workers against the abuses of compulsory unionism. To learn your rights as a railway or airline employee, click on any of the following questions:\" \/>\n<meta property=\"og:url\" content=\"https:\/\/nrtw.org\/your-rights-railway\/\" \/>\n<meta property=\"og:site_name\" content=\"National Right to Work Foundation\" \/>\n<meta property=\"article:modified_time\" content=\"2016-11-08T16:33:12+00:00\" \/>\n<meta name=\"twitter:card\" content=\"summary_large_image\" \/>\n<meta name=\"twitter:label1\" content=\"Tiempo de lectura\" \/>\n\t<meta name=\"twitter:data1\" content=\"2 minutos\" \/>\n<script type=\"application\/ld+json\" class=\"yoast-schema-graph\">{\"@context\":\"https:\\\/\\\/schema.org\",\"@graph\":[{\"@type\":\"WebPage\",\"@id\":\"https:\\\/\\\/nrtw.org\\\/your-rights-railway\\\/\",\"url\":\"https:\\\/\\\/nrtw.org\\\/your-rights-railway\\\/\",\"name\":\"About Your Legal Rights: Railway or Airline EmployeeAcerca de sus derechos legales: empleados de aerol\u00edneas o ferrocarriles - National Right to Work Foundation\",\"isPartOf\":{\"@id\":\"https:\\\/\\\/nrtw.org\\\/#website\"},\"datePublished\":\"2016-11-08T10:53:35+00:00\",\"dateModified\":\"2016-11-08T16:33:12+00:00\",\"inLanguage\":\"es\",\"potentialAction\":[{\"@type\":\"ReadAction\",\"target\":[\"https:\\\/\\\/nrtw.org\\\/your-rights-railway\\\/\"]}]},{\"@type\":\"WebSite\",\"@id\":\"https:\\\/\\\/nrtw.org\\\/#website\",\"url\":\"https:\\\/\\\/nrtw.org\\\/\",\"name\":\"National Right to Work Foundation\",\"description\":\"\",\"potentialAction\":[{\"@type\":\"SearchAction\",\"target\":{\"@type\":\"EntryPoint\",\"urlTemplate\":\"https:\\\/\\\/nrtw.org\\\/?s={search_term_string}\"},\"query-input\":{\"@type\":\"PropertyValueSpecification\",\"valueRequired\":true,\"valueName\":\"search_term_string\"}}],\"inLanguage\":\"es\"}]}<\/script>\n<!-- \/ Yoast SEO plugin. -->","yoast_head_json":{"title":"About Your Legal Rights: Railway or Airline EmployeeAcerca de sus derechos legales: empleados de aerol\u00edneas o ferrocarriles  - National Right to Work Foundation","robots":{"index":"index","follow":"follow","max-snippet":"max-snippet:-1","max-image-preview":"max-image-preview:large","max-video-preview":"max-video-preview:-1"},"canonical":"https:\/\/nrtw.org\/your-rights-railway\/","og_locale":"es_ES","og_type":"article","og_title":"About Your Legal Rights: Railway or Airline EmployeeAcerca de sus derechos legales: empleados de aerol\u00edneas o ferrocarriles  - National Right to Work Foundation","og_description":"The National Right to Work Legal Defense Foundation defends America's workers against the abuses of compulsory unionism. To learn your rights as a railway or airline employee, click on any of the following questions:  The National Right to Work Legal Defense Foundation defends America's workers against the abuses of compulsory unionism. To learn your rights as a railway or airline employee, click on any of the following questions:","og_url":"https:\/\/nrtw.org\/your-rights-railway\/","og_site_name":"National Right to Work Foundation","article_modified_time":"2016-11-08T16:33:12+00:00","twitter_card":"summary_large_image","twitter_misc":{"Tiempo de lectura":"2 minutos"},"schema":{"@context":"https:\/\/schema.org","@graph":[{"@type":"WebPage","@id":"https:\/\/nrtw.org\/your-rights-railway\/","url":"https:\/\/nrtw.org\/your-rights-railway\/","name":"About Your Legal Rights: Railway or Airline EmployeeAcerca de sus derechos legales: empleados de aerol\u00edneas o ferrocarriles - National Right to Work Foundation","isPartOf":{"@id":"https:\/\/nrtw.org\/#website"},"datePublished":"2016-11-08T10:53:35+00:00","dateModified":"2016-11-08T16:33:12+00:00","inLanguage":"es","potentialAction":[{"@type":"ReadAction","target":["https:\/\/nrtw.org\/your-rights-railway\/"]}]},{"@type":"WebSite","@id":"https:\/\/nrtw.org\/#website","url":"https:\/\/nrtw.org\/","name":"National Right to Work Foundation","description":"","potentialAction":[{"@type":"SearchAction","target":{"@type":"EntryPoint","urlTemplate":"https:\/\/nrtw.org\/?s={search_term_string}"},"query-input":{"@type":"PropertyValueSpecification","valueRequired":true,"valueName":"search_term_string"}}],"inLanguage":"es"}]}},"_links":{"self":[{"href":"https:\/\/nrtw.org\/es\/wp-json\/wp\/v2\/pages\/1180","targetHints":{"allow":["GET"]}}],"collection":[{"href":"https:\/\/nrtw.org\/es\/wp-json\/wp\/v2\/pages"}],"about":[{"href":"https:\/\/nrtw.org\/es\/wp-json\/wp\/v2\/types\/page"}],"author":[{"embeddable":true,"href":"https:\/\/nrtw.org\/es\/wp-json\/wp\/v2\/users\/2"}],"replies":[{"embeddable":true,"href":"https:\/\/nrtw.org\/es\/wp-json\/wp\/v2\/comments?post=1180"}],"version-history":[{"count":37,"href":"https:\/\/nrtw.org\/es\/wp-json\/wp\/v2\/pages\/1180\/revisions"}],"predecessor-version":[{"id":7096,"href":"https:\/\/nrtw.org\/es\/wp-json\/wp\/v2\/pages\/1180\/revisions\/7096"}],"wp:attachment":[{"href":"https:\/\/nrtw.org\/es\/wp-json\/wp\/v2\/media?parent=1180"}],"curies":[{"name":"wp","href":"https:\/\/api.w.org\/{rel}","templated":true}]}}