{"id":10401,"date":"2019-01-28T11:03:57","date_gmt":"2019-01-28T16:03:57","guid":{"rendered":"\/?page_id=10401"},"modified":"2019-05-01T10:16:06","modified_gmt":"2019-05-01T15:16:06","slug":"religious-objection-public-sector","status":"publish","type":"page","link":"https:\/\/nrtw.org\/es\/religious-objection-public-sector\/","title":{"rendered":"\u00bfQu\u00e9 pasa si yo tengo objeciones religiosas a afiliando o soportando econ\u00f3micamente una uni\u00f3n? (Empleado P\u00fablico)"},"content":{"rendered":"<p><a href=\"\/religious-objection-public-sector\/\">[In English]<\/a><\/p>\n<p>\nDebido al triunfo de la Fundaci\u00f3n en <a href = \"https:\/\/supreme.justia.com\/cases\/federal\/us\/585\/16-1466\/\">Janus v. AFSCME<\/a>, empleados p\u00fablicos que tienen objeciones religiosas en todos estados, como todos otros empleados p\u00fablicos, no pueden ser obligado a hacerse miembros de la uni\u00f3n o pagarla cuotas.\n<\/p>\n<p>\nAs\u00ed, si usted no es un miembro de la uni\u00f3n ahora, usted puede proteger sus convicciones religiosas por renunciando su membres\u00eda y revocando cualquier autorizaci\u00f3n tal vez firme para descontar cuotas o cargos sindicales. Como se puede hacer eso est\u00e1 explicado aqu\u00ed: <a href = \"https:\/\/nrtw.org\/es\/how-resign-public\/\">\u00bfC\u00f3mo puedo renunciar a mi membres\u00eda en sindicato?<\/a>\n<\/p>\n<hr size=\"2\" width=\"100%\" \/>\n<p class=\"MsoNormal\">\nSi desea <b>enterarse m\u00e1s acerca de sus derechos legales<\/b> como empleado del gobierno estatal o local, haga clic en la pregunta adecuada de las siguientes:\n<\/p>\n<ul>\n<li><a href=\"\/es\/required-join-pay-public\">\u00bfMe pueden obligar a hacerme miembro del sindicato o a pagarle cuotas?<\/a><\/li>\n<li><a href=\"\/es\/how-resign-public\">\u00bfC\u00f3mo puedo renunciar a mi membres\u00eda en una uni\u00f3n y dejar de pagar cuotas sindicales? (Empleado p\u00fablico)<\/a><\/li>\n<li><a href=\"\/es\/object-nonbargaining-public\">\u00bfC\u00f3mo puedo evitar que se usen mis cuotas para actividades pol\u00edticas y otras no relacionadas con la negociaci\u00f3n?<\/a> <\/li>\n<li><a href=\"\/es\/nonmember-stop-fees-deductions-public\">No soy miembro de la uni\u00f3n pero autoric\u00e9 el descuento de cuotas sindicales. \u00bfC\u00f3mo puedo detener las deducciones?<\/a><\/li>\n<li>\u00bfQu\u00e9 pasa si tengo objeciones religiosas para unirme al sindicato o<br \/>\n\t\tpara apoyarlo econ\u00f3micamente?<\/li>\n<li><a href=\"\/es\/victim-union-violence\">\u00bfQu\u00e9 hago si soy v\u00edctima de la violencia sindical?<\/a> <\/li>\n<li><a href=\"\/es\/work-during-strike-public\">\u00bfQu\u00e9 pasa si quiero trabajar mientras hay una huelga?<\/a>\n\t\t<\/li>\n<\/ul>\n<p> <\/p>","protected":false},"excerpt":{"rendered":"<p>[In English] Debido al triunfo de la Fundaci\u00f3n en Janus v. AFSCME, empleados p\u00fablicos que tienen objeciones religiosas en todos estados, como todos otros empleados p\u00fablicos, no pueden ser obligado a hacerse miembros de la uni\u00f3n o pagarla cuotas. As\u00ed, si usted no es un miembro de la uni\u00f3n ahora, usted puede proteger sus convicciones [&hellip;]<\/p>\n","protected":false},"author":14,"featured_media":0,"parent":0,"menu_order":0,"comment_status":"closed","ping_status":"closed","template":"","meta":{"_lmt_disableupdate":"","_lmt_disable":"","footnotes":""},"class_list":["post-10401","page","type-page","status-publish","hentry"],"yoast_head":"<!-- This site is optimized with the Yoast SEO plugin v27.5 - https:\/\/yoast.com\/product\/yoast-seo-wordpress\/ -->\n<title>What if I have religious objections to joining or financially supporting a union? (Public Employee)\u00bfQu\u00e9 pasa si yo tengo objeciones religiosas a afiliando o soportando econ\u00f3micamente una uni\u00f3n? (Empleado P\u00fablico) - National Right to Work Foundation<\/title>\n<meta name=\"robots\" content=\"index, follow, max-snippet:-1, max-image-preview:large, max-video-preview:-1\" \/>\n<link rel=\"canonical\" href=\"https:\/\/nrtw.org\/religious-objection-public-sector\/\" \/>\n<meta property=\"og:locale\" content=\"es_ES\" \/>\n<meta property=\"og:type\" content=\"article\" \/>\n<meta property=\"og:title\" content=\"What if I have religious objections to joining or financially supporting a union? (Public Employee)\u00bfQu\u00e9 pasa si yo tengo objeciones religiosas a afiliando o soportando econ\u00f3micamente una uni\u00f3n? (Empleado P\u00fablico) - National Right to Work Foundation\" \/>\n<meta property=\"og:description\" content=\"[In English] Debido al triunfo de la Fundaci\u00f3n en Janus v. AFSCME, empleados p\u00fablicos que tienen objeciones religiosas en todos estados, como todos otros empleados p\u00fablicos, no pueden ser obligado a hacerse miembros de la uni\u00f3n o pagarla cuotas. As\u00ed, si usted no es un miembro de la uni\u00f3n ahora, usted puede proteger sus convicciones [&hellip;]\" \/>\n<meta property=\"og:url\" content=\"https:\/\/nrtw.org\/religious-objection-public-sector\/\" \/>\n<meta property=\"og:site_name\" content=\"National Right to Work Foundation\" \/>\n<meta property=\"article:modified_time\" content=\"2019-05-01T15:16:06+00:00\" \/>\n<meta name=\"twitter:card\" content=\"summary_large_image\" \/>\n<meta name=\"twitter:label1\" content=\"Tiempo de lectura\" \/>\n\t<meta name=\"twitter:data1\" content=\"2 minutos\" \/>\n<script type=\"application\/ld+json\" class=\"yoast-schema-graph\">{\"@context\":\"https:\\\/\\\/schema.org\",\"@graph\":[{\"@type\":\"WebPage\",\"@id\":\"https:\\\/\\\/nrtw.org\\\/religious-objection-public-sector\\\/\",\"url\":\"https:\\\/\\\/nrtw.org\\\/religious-objection-public-sector\\\/\",\"name\":\"What if I have religious objections to joining or financially supporting a union? (Public Employee)\u00bfQu\u00e9 pasa si yo tengo objeciones religiosas a afiliando o soportando econ\u00f3micamente una uni\u00f3n? (Empleado P\u00fablico) - National Right to Work Foundation\",\"isPartOf\":{\"@id\":\"https:\\\/\\\/nrtw.org\\\/#website\"},\"datePublished\":\"2019-01-28T16:03:57+00:00\",\"dateModified\":\"2019-05-01T15:16:06+00:00\",\"inLanguage\":\"es\",\"potentialAction\":[{\"@type\":\"ReadAction\",\"target\":[\"https:\\\/\\\/nrtw.org\\\/religious-objection-public-sector\\\/\"]}]},{\"@type\":\"WebSite\",\"@id\":\"https:\\\/\\\/nrtw.org\\\/#website\",\"url\":\"https:\\\/\\\/nrtw.org\\\/\",\"name\":\"National Right to Work Foundation\",\"description\":\"\",\"potentialAction\":[{\"@type\":\"SearchAction\",\"target\":{\"@type\":\"EntryPoint\",\"urlTemplate\":\"https:\\\/\\\/nrtw.org\\\/?s={search_term_string}\"},\"query-input\":{\"@type\":\"PropertyValueSpecification\",\"valueRequired\":true,\"valueName\":\"search_term_string\"}}],\"inLanguage\":\"es\"}]}<\/script>\n<!-- \/ Yoast SEO plugin. -->","yoast_head_json":{"title":"What if I have religious objections to joining or financially supporting a union? (Public Employee)\u00bfQu\u00e9 pasa si yo tengo objeciones religiosas a afiliando o soportando econ\u00f3micamente una uni\u00f3n? (Empleado P\u00fablico) - National Right to Work Foundation","robots":{"index":"index","follow":"follow","max-snippet":"max-snippet:-1","max-image-preview":"max-image-preview:large","max-video-preview":"max-video-preview:-1"},"canonical":"https:\/\/nrtw.org\/religious-objection-public-sector\/","og_locale":"es_ES","og_type":"article","og_title":"What if I have religious objections to joining or financially supporting a union? (Public Employee)\u00bfQu\u00e9 pasa si yo tengo objeciones religiosas a afiliando o soportando econ\u00f3micamente una uni\u00f3n? (Empleado P\u00fablico) - National Right to Work Foundation","og_description":"[In English] Debido al triunfo de la Fundaci\u00f3n en Janus v. AFSCME, empleados p\u00fablicos que tienen objeciones religiosas en todos estados, como todos otros empleados p\u00fablicos, no pueden ser obligado a hacerse miembros de la uni\u00f3n o pagarla cuotas. As\u00ed, si usted no es un miembro de la uni\u00f3n ahora, usted puede proteger sus convicciones [&hellip;]","og_url":"https:\/\/nrtw.org\/religious-objection-public-sector\/","og_site_name":"National Right to Work Foundation","article_modified_time":"2019-05-01T15:16:06+00:00","twitter_card":"summary_large_image","twitter_misc":{"Tiempo de lectura":"2 minutos"},"schema":{"@context":"https:\/\/schema.org","@graph":[{"@type":"WebPage","@id":"https:\/\/nrtw.org\/religious-objection-public-sector\/","url":"https:\/\/nrtw.org\/religious-objection-public-sector\/","name":"What if I have religious objections to joining or financially supporting a union? (Public Employee)\u00bfQu\u00e9 pasa si yo tengo objeciones religiosas a afiliando o soportando econ\u00f3micamente una uni\u00f3n? (Empleado P\u00fablico) - National Right to Work Foundation","isPartOf":{"@id":"https:\/\/nrtw.org\/#website"},"datePublished":"2019-01-28T16:03:57+00:00","dateModified":"2019-05-01T15:16:06+00:00","inLanguage":"es","potentialAction":[{"@type":"ReadAction","target":["https:\/\/nrtw.org\/religious-objection-public-sector\/"]}]},{"@type":"WebSite","@id":"https:\/\/nrtw.org\/#website","url":"https:\/\/nrtw.org\/","name":"National Right to Work Foundation","description":"","potentialAction":[{"@type":"SearchAction","target":{"@type":"EntryPoint","urlTemplate":"https:\/\/nrtw.org\/?s={search_term_string}"},"query-input":{"@type":"PropertyValueSpecification","valueRequired":true,"valueName":"search_term_string"}}],"inLanguage":"es"}]}},"_links":{"self":[{"href":"https:\/\/nrtw.org\/es\/wp-json\/wp\/v2\/pages\/10401","targetHints":{"allow":["GET"]}}],"collection":[{"href":"https:\/\/nrtw.org\/es\/wp-json\/wp\/v2\/pages"}],"about":[{"href":"https:\/\/nrtw.org\/es\/wp-json\/wp\/v2\/types\/page"}],"author":[{"embeddable":true,"href":"https:\/\/nrtw.org\/es\/wp-json\/wp\/v2\/users\/14"}],"replies":[{"embeddable":true,"href":"https:\/\/nrtw.org\/es\/wp-json\/wp\/v2\/comments?post=10401"}],"version-history":[{"count":8,"href":"https:\/\/nrtw.org\/es\/wp-json\/wp\/v2\/pages\/10401\/revisions"}],"predecessor-version":[{"id":10997,"href":"https:\/\/nrtw.org\/es\/wp-json\/wp\/v2\/pages\/10401\/revisions\/10997"}],"wp:attachment":[{"href":"https:\/\/nrtw.org\/es\/wp-json\/wp\/v2\/media?parent=10401"}],"curies":[{"name":"wp","href":"https:\/\/api.w.org\/{rel}","templated":true}]}}