{"id":10390,"date":"2019-01-25T13:24:19","date_gmt":"2019-01-25T18:24:19","guid":{"rendered":"\/?page_id=10390"},"modified":"2024-08-13T14:02:09","modified_gmt":"2024-08-13T18:02:09","slug":"nonmember-stop-fees-deductions-public","status":"publish","type":"page","link":"https:\/\/nrtw.org\/es\/nonmember-stop-fees-deductions-public\/","title":{"rendered":"No soy miembro de la uni\u00f3n pero autoric\u00e9 el descuento de cuotas sindicales.  \u00bfC\u00f3mo puedo detener las deducciones? (Empleado p\u00fablico)"},"content":{"rendered":"<p><a href=\"\/nonmember-stop-fees-deductions-public\">[In English]<\/a><\/p>\n<p>A\u00fan cuando una ley estatal o el contrato entre su patron p\u00fablico y la uni\u00f3n contenga una provisi\u00f3n requiri\u00e9ndole el pago de cuotas sindicales como no afiliado a la uni\u00f3n, usted no est\u00e1 bajo obligaci\u00f3n alguna de pagar tales cuotas porque tal cosa ser\u00eda inconstitucional seg\u00fan la sentencia del Tribunal Supremo de los Estados Unidos en <i>Janus v. AFSCME<\/i>.<\/p>\n<p>No obstante, si usted firm\u00f3 una hoja autorizando el descuento de cuotas, tal autorizaci\u00f3n podr\u00eda contener una restricci\u00f3n en torno a cu\u00e1ndo puede ser revocada.  En dicho caso, usted debe <a href=\"\/es\/free-legal-aid\/\">solicitar asistencia de un abogado de la Fundaci\u00f3n<\/a> para examinar si la restricci\u00f3n puede ser sostenida legalmente.<\/p>\n<p>Si desea ver un ejemplo de una carta de renuncia de la uni\u00f3n revocando una autorizaci\u00f3n previa para el descuento de cuotas, <a href=\"https:\/\/myjanusrights.org\/homepage-en-espanol\/janus-rights-letter-members-en-espanol\/\">oprima aqu\u00ed<\/a>.  Su usted decide revocar la autorizaci\u00f3n dada previamente para el descuento de cuotas, conserve copias de sus cartas para sus r\u00e9cords.  Debe enviar dichas cartas por correo certificado con acuse de recibo, para que as\u00ed la uni\u00f3n y el patrono no puedan alegar que nunca las recibieron.<\/p>\n<p>Si la uni\u00f3n y\/o el patrono no honran su renuncia y\/o revocaci\u00f3n de la autorizaci\u00f3n para decontar cuotas, debe contactar a la Fundaci\u00f3n inmediatamente si desea asistencia.  Puede haber un tiempo l\u00edmite para reclamar sus derechos, por lo que es imperativo actuar prontamente.<\/p>\n<hr size=\"2\" width=\"100%\" \/>\n<p class=\"MsoNormal\">\nSi desea <b>enterarse m\u00e1s acerca de sus derechos legales<\/b> como empleado del gobierno estatal o local, haga clic en la pregunta adecuada de las siguientes:\n<\/p>\n<ul>\n<li><a href=\"\/es\/required-join-pay-public\">\u00bfMe pueden obligar a hacerme miembro del sindicato o a pagarle cuotas?<\/a><\/li>\n<li><a href=\"\/es\/how-resign-public\">\u00bfC\u00f3mo puedo renunciar a mi membres\u00eda en una uni\u00f3n y dejar de pagar cuotas sindicales? (Empleado p\u00fablico)<\/a><\/li>\n<li><a href=\"\/es\/object-nonbargaining-public\">\u00bfC\u00f3mo puedo evitar que se usen mis cuotas para actividades pol\u00edticas y otras no relacionadas con la negociaci\u00f3n?<\/a> <\/li>\n<li>No soy miembro de la uni\u00f3n pero autoric\u00e9 el descuento de cuotas sindicales. \u00bfC\u00f3mo puedo detener las deducciones?<\/li>\n<li><a href=\"\/es\/religious-objection\">\u00bfQu\u00e9 pasa si tengo objeciones religiosas para unirme al sindicato o<br \/>\n\t\tpara apoyarlo econ\u00f3micamente?<\/a> <\/li>\n<li><a href=\"\/es\/victim-union-violence\">\u00bfQu\u00e9 hago si soy v\u00edctima de la violencia sindical?<\/a> <\/li>\n<li><a href=\"\/es\/work-during-strike-public\">\u00bfQu\u00e9 pasa si quiero trabajar mientras hay una huelga?<\/a>\n\t\t<\/li>\n<\/ul>\n<p><\/p>","protected":false},"excerpt":{"rendered":"<p>[In English] A\u00fan cuando una ley estatal o el contrato entre su patron p\u00fablico y la uni\u00f3n contenga una provisi\u00f3n requiri\u00e9ndole el pago de cuotas sindicales como no afiliado a la uni\u00f3n, usted no est\u00e1 bajo obligaci\u00f3n alguna de pagar tales cuotas porque tal cosa ser\u00eda inconstitucional seg\u00fan la sentencia del Tribunal Supremo de los [&hellip;]<\/p>\n","protected":false},"author":14,"featured_media":0,"parent":0,"menu_order":0,"comment_status":"closed","ping_status":"closed","template":"","meta":{"_lmt_disableupdate":"","_lmt_disable":"","footnotes":""},"class_list":["post-10390","page","type-page","status-publish","hentry"],"yoast_head":"<!-- This site is optimized with the Yoast SEO plugin v27.5 - https:\/\/yoast.com\/product\/yoast-seo-wordpress\/ -->\n<title>No soy miembro de la uni\u00f3n pero autoric\u00e9 el descuento de cuotas sindicales. \u00bfC\u00f3mo puedo detener las deducciones? (Empleado p\u00fablico) - National Right to Work Foundation<\/title>\n<meta name=\"robots\" content=\"index, follow, max-snippet:-1, max-image-preview:large, max-video-preview:-1\" \/>\n<link rel=\"canonical\" href=\"https:\/\/nrtw.org\/nonmember-stop-fees-deductions-public\/\" \/>\n<meta property=\"og:locale\" content=\"es_ES\" \/>\n<meta property=\"og:type\" content=\"article\" \/>\n<meta property=\"og:title\" content=\"[:en]I am a nonmember but authorized deduction of union fees. How can I stop the deductions? (Public Employee)[:es]No soy miembro de la uni\u00f3n pero autoric\u00e9 el descuento de cuotas sindicales. \u00bfC\u00f3mo puedo detener las deducciones? (Empleado p\u00fablico)[:] - National Right to Work Foundation\" \/>\n<meta property=\"og:description\" content=\"[In English] A\u00fan cuando una ley estatal o el contrato entre su patron p\u00fablico y la uni\u00f3n contenga una provisi\u00f3n requiri\u00e9ndole el pago de cuotas sindicales como no afiliado a la uni\u00f3n, usted no est\u00e1 bajo obligaci\u00f3n alguna de pagar tales cuotas porque tal cosa ser\u00eda inconstitucional seg\u00fan la sentencia del Tribunal Supremo de los [&hellip;]\" \/>\n<meta property=\"og:url\" content=\"https:\/\/nrtw.org\/nonmember-stop-fees-deductions-public\/\" \/>\n<meta property=\"og:site_name\" content=\"National Right to Work Foundation\" \/>\n<meta property=\"article:modified_time\" content=\"2024-08-13T18:02:09+00:00\" \/>\n<meta name=\"twitter:card\" content=\"summary_large_image\" \/>\n<meta name=\"twitter:label1\" content=\"Tiempo de lectura\" \/>\n\t<meta name=\"twitter:data1\" content=\"2 minutos\" \/>\n<script type=\"application\/ld+json\" class=\"yoast-schema-graph\">{\"@context\":\"https:\\\/\\\/schema.org\",\"@graph\":[{\"@type\":\"WebPage\",\"@id\":\"https:\\\/\\\/nrtw.org\\\/nonmember-stop-fees-deductions-public\\\/\",\"url\":\"https:\\\/\\\/nrtw.org\\\/nonmember-stop-fees-deductions-public\\\/\",\"name\":\"[:en]I am a nonmember but authorized deduction of union fees. How can I stop the deductions? (Public Employee)[:es]No soy miembro de la uni\u00f3n pero autoric\u00e9 el descuento de cuotas sindicales. \u00bfC\u00f3mo puedo detener las deducciones? (Empleado p\u00fablico)[:] - National Right to Work Foundation\",\"isPartOf\":{\"@id\":\"https:\\\/\\\/nrtw.org\\\/#website\"},\"datePublished\":\"2019-01-25T18:24:19+00:00\",\"dateModified\":\"2024-08-13T18:02:09+00:00\",\"inLanguage\":\"es\",\"potentialAction\":[{\"@type\":\"ReadAction\",\"target\":[\"https:\\\/\\\/nrtw.org\\\/nonmember-stop-fees-deductions-public\\\/\"]}]},{\"@type\":\"WebSite\",\"@id\":\"https:\\\/\\\/nrtw.org\\\/#website\",\"url\":\"https:\\\/\\\/nrtw.org\\\/\",\"name\":\"National Right to Work Foundation\",\"description\":\"\",\"potentialAction\":[{\"@type\":\"SearchAction\",\"target\":{\"@type\":\"EntryPoint\",\"urlTemplate\":\"https:\\\/\\\/nrtw.org\\\/?s={search_term_string}\"},\"query-input\":{\"@type\":\"PropertyValueSpecification\",\"valueRequired\":true,\"valueName\":\"search_term_string\"}}],\"inLanguage\":\"es\"}]}<\/script>\n<!-- \/ Yoast SEO plugin. -->","yoast_head_json":{"title":"[:en]I am a nonmember but authorized deduction of union fees. How can I stop the deductions? (Public Employee)[:es]No soy miembro de la uni\u00f3n pero autoric\u00e9 el descuento de cuotas sindicales. \u00bfC\u00f3mo puedo detener las deducciones? (Empleado p\u00fablico)[:] - National Right to Work Foundation","robots":{"index":"index","follow":"follow","max-snippet":"max-snippet:-1","max-image-preview":"max-image-preview:large","max-video-preview":"max-video-preview:-1"},"canonical":"https:\/\/nrtw.org\/nonmember-stop-fees-deductions-public\/","og_locale":"es_ES","og_type":"article","og_title":"[:en]I am a nonmember but authorized deduction of union fees. How can I stop the deductions? (Public Employee)[:es]No soy miembro de la uni\u00f3n pero autoric\u00e9 el descuento de cuotas sindicales. \u00bfC\u00f3mo puedo detener las deducciones? (Empleado p\u00fablico)[:] - National Right to Work Foundation","og_description":"[In English] A\u00fan cuando una ley estatal o el contrato entre su patron p\u00fablico y la uni\u00f3n contenga una provisi\u00f3n requiri\u00e9ndole el pago de cuotas sindicales como no afiliado a la uni\u00f3n, usted no est\u00e1 bajo obligaci\u00f3n alguna de pagar tales cuotas porque tal cosa ser\u00eda inconstitucional seg\u00fan la sentencia del Tribunal Supremo de los [&hellip;]","og_url":"https:\/\/nrtw.org\/nonmember-stop-fees-deductions-public\/","og_site_name":"National Right to Work Foundation","article_modified_time":"2024-08-13T18:02:09+00:00","twitter_card":"summary_large_image","twitter_misc":{"Tiempo de lectura":"2 minutos"},"schema":{"@context":"https:\/\/schema.org","@graph":[{"@type":"WebPage","@id":"https:\/\/nrtw.org\/nonmember-stop-fees-deductions-public\/","url":"https:\/\/nrtw.org\/nonmember-stop-fees-deductions-public\/","name":"[:en]I am a nonmember but authorized deduction of union fees. How can I stop the deductions? (Public Employee)[:es]No soy miembro de la uni\u00f3n pero autoric\u00e9 el descuento de cuotas sindicales. \u00bfC\u00f3mo puedo detener las deducciones? (Empleado p\u00fablico)[:] - National Right to Work Foundation","isPartOf":{"@id":"https:\/\/nrtw.org\/#website"},"datePublished":"2019-01-25T18:24:19+00:00","dateModified":"2024-08-13T18:02:09+00:00","inLanguage":"es","potentialAction":[{"@type":"ReadAction","target":["https:\/\/nrtw.org\/nonmember-stop-fees-deductions-public\/"]}]},{"@type":"WebSite","@id":"https:\/\/nrtw.org\/#website","url":"https:\/\/nrtw.org\/","name":"National Right to Work Foundation","description":"","potentialAction":[{"@type":"SearchAction","target":{"@type":"EntryPoint","urlTemplate":"https:\/\/nrtw.org\/?s={search_term_string}"},"query-input":{"@type":"PropertyValueSpecification","valueRequired":true,"valueName":"search_term_string"}}],"inLanguage":"es"}]}},"_links":{"self":[{"href":"https:\/\/nrtw.org\/es\/wp-json\/wp\/v2\/pages\/10390","targetHints":{"allow":["GET"]}}],"collection":[{"href":"https:\/\/nrtw.org\/es\/wp-json\/wp\/v2\/pages"}],"about":[{"href":"https:\/\/nrtw.org\/es\/wp-json\/wp\/v2\/types\/page"}],"author":[{"embeddable":true,"href":"https:\/\/nrtw.org\/es\/wp-json\/wp\/v2\/users\/14"}],"replies":[{"embeddable":true,"href":"https:\/\/nrtw.org\/es\/wp-json\/wp\/v2\/comments?post=10390"}],"version-history":[{"count":10,"href":"https:\/\/nrtw.org\/es\/wp-json\/wp\/v2\/pages\/10390\/revisions"}],"predecessor-version":[{"id":17498,"href":"https:\/\/nrtw.org\/es\/wp-json\/wp\/v2\/pages\/10390\/revisions\/17498"}],"wp:attachment":[{"href":"https:\/\/nrtw.org\/es\/wp-json\/wp\/v2\/media?parent=10390"}],"curies":[{"name":"wp","href":"https:\/\/api.w.org\/{rel}","templated":true}]}}